{"id":94,"date":"2021-03-17T17:28:30","date_gmt":"2021-03-17T22:28:30","guid":{"rendered":"https:\/\/invitrocolombia.com.co\/?page_id=94"},"modified":"2021-03-17T17:40:55","modified_gmt":"2021-03-17T22:40:55","slug":"diagnostico-de-gestacion-y-entrega-de-preneces","status":"publish","type":"page","link":"https:\/\/invitrocolombia.com.co\/?page_id=94","title":{"rendered":"Diagn\u00f3stico de gestaci\u00f3n y entrega de pre\u00f1eces"},"content":{"rendered":"\t\t<div data-elementor-type=\"wp-page\" data-elementor-id=\"94\" class=\"elementor elementor-94\">\n\t\t\t\t\t\t<section class=\"elementor-section elementor-top-section elementor-element elementor-element-9fe8322 elementor-section-stretched elementor-section-boxed elementor-section-height-default elementor-section-height-default\" data-id=\"9fe8322\" data-element_type=\"section\" data-settings=\"{&quot;stretch_section&quot;:&quot;section-stretched&quot;}\">\n\t\t\t\t\t\t<div class=\"elementor-container elementor-column-gap-default\">\n\t\t\t\t\t<div class=\"elementor-column elementor-col-33 elementor-top-column elementor-element elementor-element-77edee4\" data-id=\"77edee4\" data-element_type=\"column\">\n\t\t\t<div class=\"elementor-widget-wrap elementor-element-populated\">\n\t\t\t\t\t\t<div class=\"elementor-element elementor-element-518556e elementor-widget-tablet__width-inherit elementor-widget-mobile__width-inherit elementor-widget elementor-widget-image\" data-id=\"518556e\" data-element_type=\"widget\" data-widget_type=\"image.default\">\n\t\t\t\t<div class=\"elementor-widget-container\">\n\t\t\t\t\t\t\t\t\t\t\t\t\t<img fetchpriority=\"high\" decoding=\"async\" width=\"301\" height=\"201\" src=\"https:\/\/invitrocolombia.com.co\/wp-content\/uploads\/2021\/03\/vaquita.jpg\" class=\"attachment-large size-large wp-image-157\" alt=\"\" \/>\t\t\t\t\t\t\t\t\t\t\t\t\t<\/div>\n\t\t\t\t<\/div>\n\t\t\t\t\t<\/div>\n\t\t<\/div>\n\t\t\t\t<div class=\"elementor-column elementor-col-66 elementor-top-column elementor-element elementor-element-55bcd37\" data-id=\"55bcd37\" data-element_type=\"column\">\n\t\t\t<div class=\"elementor-widget-wrap elementor-element-populated\">\n\t\t\t\t\t\t<div class=\"elementor-element elementor-element-288b5e1 elementor-widget elementor-widget-text-editor\" data-id=\"288b5e1\" data-element_type=\"widget\" data-widget_type=\"text-editor.default\">\n\t\t\t\t<div class=\"elementor-widget-container\">\n\t\t\t\t\t\t\t<p style=\"text-align: justify;\">Entre 30 y 40 d\u00edas despu\u00e9s de la aspiraci\u00f3n folicular (OPU), un profesional de <strong>IN VITRO COLOMBIA<\/strong> confirma por examen ultrasonogr\u00e1fico cada una de las receptoras transferidas en el procedimiento de T.E, con el fin de detectar los animales gestantes (pre\u00f1ez positiva) y enviar al cliente un informe con los resultados obtenidos. Este primer diagn\u00f3stico tiene como fin detectar de manera temprana las receptoras gestantes, de modo que los animales vac\u00edos (no gestantes) puedan ser utilizados r\u00e1pidamente para un nuevo procedimiento, logrando un mejor aprovechamiento del lote de receptoras y disminuir dentro de lo posible los efectos que tiene un programa de receptoras sobre los par\u00e1metros productivos del lote o finca es cuesti\u00f3n (d\u00edas abiertos).\t\t\t\t\t\t<\/div>\n\t\t\t\t<\/div>\n\t\t\t\t\t<\/div>\n\t\t<\/div>\n\t\t\t\t\t<\/div>\n\t\t<\/section>\n\t\t\t\t<section class=\"elementor-section elementor-top-section elementor-element elementor-element-2608788 elementor-section-boxed elementor-section-height-default elementor-section-height-default\" data-id=\"2608788\" data-element_type=\"section\">\n\t\t\t\t\t\t<div class=\"elementor-container elementor-column-gap-default\">\n\t\t\t\t\t<div class=\"elementor-column elementor-col-100 elementor-top-column elementor-element elementor-element-f3a8db7\" data-id=\"f3a8db7\" data-element_type=\"column\">\n\t\t\t<div class=\"elementor-widget-wrap elementor-element-populated\">\n\t\t\t\t\t\t<div class=\"elementor-element elementor-element-d0aeb60 elementor-widget elementor-widget-text-editor\" data-id=\"d0aeb60\" data-element_type=\"widget\" data-widget_type=\"text-editor.default\">\n\t\t\t\t<div class=\"elementor-widget-container\">\n\t\t\t\t\t\t\t<p style=\"text-align: justify;\">Los animales que resultaron vac\u00edos en este primer examen, podr\u00e1n ser sincronizados y utilizados para la siguiente transferencia, siempre y cuando el personal enviado por\u00a0<strong>IN VITRO COLOMBIA<\/strong>\u00a0considere que se encuentra en condiciones \u00f3ptimas para tal fin. Se debe tener en cuenta que cada vez que se realice un nuevo trabajo de sincronizaci\u00f3n se debe realizar nuevamente todo el proceso de palpaci\u00f3n y selecci\u00f3n de las receptoras por el personal designado.<\/p><p style=\"text-align: justify;\">Noventa (90) d\u00edas despu\u00e9s del procedimiento de aspiraci\u00f3n folicular (OPU), se confirmar\u00e1n las receptoras detectadas con pre\u00f1ez positiva en el primer diagn\u00f3stico\u00a0y se har\u00e1 la entrega FORMAL al cliente o su representante de las receptoras que a\u00fan contin\u00faen gestantes. En este momento el cliente recibir\u00e1 un informe detallando los resultados finales del procedimiento, as\u00ed como la facturaci\u00f3n correspondiente.<\/p>\t\t\t\t\t\t<\/div>\n\t\t\t\t<\/div>\n\t\t\t\t\t<\/div>\n\t\t<\/div>\n\t\t\t\t\t<\/div>\n\t\t<\/section>\n\t\t\t\t<section class=\"elementor-section elementor-top-section elementor-element elementor-element-15d129a elementor-section-boxed elementor-section-height-default elementor-section-height-default\" data-id=\"15d129a\" data-element_type=\"section\">\n\t\t\t\t\t\t<div class=\"elementor-container elementor-column-gap-default\">\n\t\t\t\t\t<div class=\"elementor-column elementor-col-100 elementor-top-column elementor-element elementor-element-846eb22\" data-id=\"846eb22\" data-element_type=\"column\">\n\t\t\t<div class=\"elementor-widget-wrap elementor-element-populated\">\n\t\t\t\t\t\t<div class=\"elementor-element elementor-element-cf6a90b elementor-arrows-position-inside elementor-pagination-position-outside elementor-widget elementor-widget-image-carousel\" data-id=\"cf6a90b\" data-element_type=\"widget\" data-settings=\"{&quot;slides_to_show&quot;:&quot;1&quot;,&quot;effect&quot;:&quot;fade&quot;,&quot;navigation&quot;:&quot;both&quot;,&quot;autoplay&quot;:&quot;yes&quot;,&quot;pause_on_hover&quot;:&quot;yes&quot;,&quot;pause_on_interaction&quot;:&quot;yes&quot;,&quot;autoplay_speed&quot;:5000,&quot;infinite&quot;:&quot;yes&quot;,&quot;speed&quot;:500}\" data-widget_type=\"image-carousel.default\">\n\t\t\t\t<div class=\"elementor-widget-container\">\n\t\t\t\t\t<div class=\"elementor-image-carousel-wrapper swiper\" dir=\"ltr\">\n\t\t\t<div class=\"elementor-image-carousel swiper-wrapper\" aria-live=\"off\">\n\t\t\t\t\t\t\t\t<div class=\"swiper-slide\" role=\"group\" aria-roledescription=\"slide\" aria-label=\"1 of 4\"><figure class=\"swiper-slide-inner\"><img decoding=\"async\" class=\"swiper-slide-image\" src=\"https:\/\/invitrocolombia.com.co\/wp-content\/uploads\/2021\/03\/DSC_0146-768x512.jpg\" alt=\"DSC_0146\" \/><\/figure><\/div><div class=\"swiper-slide\" role=\"group\" aria-roledescription=\"slide\" aria-label=\"2 of 4\"><figure class=\"swiper-slide-inner\"><img decoding=\"async\" class=\"swiper-slide-image\" src=\"https:\/\/invitrocolombia.com.co\/wp-content\/uploads\/2021\/03\/DSC_0202-768x513.jpg\" alt=\"DSC_0202\" \/><\/figure><\/div><div class=\"swiper-slide\" role=\"group\" aria-roledescription=\"slide\" aria-label=\"3 of 4\"><figure class=\"swiper-slide-inner\"><img decoding=\"async\" class=\"swiper-slide-image\" src=\"https:\/\/invitrocolombia.com.co\/wp-content\/uploads\/2021\/03\/FullSizeRender16-768x554.jpg\" alt=\"FullSizeRender16\" \/><\/figure><\/div><div class=\"swiper-slide\" role=\"group\" aria-roledescription=\"slide\" aria-label=\"4 of 4\"><figure class=\"swiper-slide-inner\"><img decoding=\"async\" class=\"swiper-slide-image\" src=\"https:\/\/invitrocolombia.com.co\/wp-content\/uploads\/2021\/03\/DSC_0076-768x512.jpg\" alt=\"DSC_0076\" \/><\/figure><\/div>\t\t\t<\/div>\n\t\t\t\t\t\t\t\t\t\t\t\t<div class=\"elementor-swiper-button elementor-swiper-button-prev\" role=\"button\" tabindex=\"0\">\n\t\t\t\t\t\t<i aria-hidden=\"true\" class=\"eicon-chevron-left\"><\/i>\t\t\t\t\t<\/div>\n\t\t\t\t\t<div class=\"elementor-swiper-button elementor-swiper-button-next\" role=\"button\" tabindex=\"0\">\n\t\t\t\t\t\t<i aria-hidden=\"true\" class=\"eicon-chevron-right\"><\/i>\t\t\t\t\t<\/div>\n\t\t\t\t\n\t\t\t\t\t\t\t\t\t<div class=\"swiper-pagination\"><\/div>\n\t\t\t\t\t\t\t\t\t<\/div>\n\t\t\t\t<\/div>\n\t\t\t\t<\/div>\n\t\t\t\t\t<\/div>\n\t\t<\/div>\n\t\t\t\t\t<\/div>\n\t\t<\/section>\n\t\t\t\t<\/div>\n\t\t","protected":false},"excerpt":{"rendered":"<p>Entre 30 y 40 d\u00edas despu\u00e9s de la aspiraci\u00f3n folicular (OPU), un profesional de IN VITRO COLOMBIA confirma por examen ultrasonogr\u00e1fico cada una de las receptoras transferidas en el procedimiento de T.E, con el fin de detectar los animales gestantes (pre\u00f1ez positiva) y enviar al cliente un informe con los resultados obtenidos. Este primer diagn\u00f3stico [&hellip;]<\/p>\n","protected":false},"author":1,"featured_media":139,"parent":0,"menu_order":0,"comment_status":"closed","ping_status":"closed","template":"","meta":{"footnotes":""},"class_list":["post-94","page","type-page","status-publish","has-post-thumbnail","hentry"],"_links":{"self":[{"href":"https:\/\/invitrocolombia.com.co\/index.php?rest_route=\/wp\/v2\/pages\/94","targetHints":{"allow":["GET"]}}],"collection":[{"href":"https:\/\/invitrocolombia.com.co\/index.php?rest_route=\/wp\/v2\/pages"}],"about":[{"href":"https:\/\/invitrocolombia.com.co\/index.php?rest_route=\/wp\/v2\/types\/page"}],"author":[{"embeddable":true,"href":"https:\/\/invitrocolombia.com.co\/index.php?rest_route=\/wp\/v2\/users\/1"}],"replies":[{"embeddable":true,"href":"https:\/\/invitrocolombia.com.co\/index.php?rest_route=%2Fwp%2Fv2%2Fcomments&post=94"}],"version-history":[{"count":7,"href":"https:\/\/invitrocolombia.com.co\/index.php?rest_route=\/wp\/v2\/pages\/94\/revisions"}],"predecessor-version":[{"id":211,"href":"https:\/\/invitrocolombia.com.co\/index.php?rest_route=\/wp\/v2\/pages\/94\/revisions\/211"}],"wp:featuredmedia":[{"embeddable":true,"href":"https:\/\/invitrocolombia.com.co\/index.php?rest_route=\/wp\/v2\/media\/139"}],"wp:attachment":[{"href":"https:\/\/invitrocolombia.com.co\/index.php?rest_route=%2Fwp%2Fv2%2Fmedia&parent=94"}],"curies":[{"name":"wp","href":"https:\/\/api.w.org\/{rel}","templated":true}]}}