{"id":414,"date":"2021-03-26T15:06:30","date_gmt":"2021-03-26T20:06:30","guid":{"rendered":"https:\/\/invitrocolombia.com.co\/?page_id=414"},"modified":"2021-03-30T19:37:27","modified_gmt":"2021-03-31T00:37:27","slug":"evaluacion-de-donadoras-y-receptoras","status":"publish","type":"page","link":"https:\/\/invitrocolombia.com.co\/?page_id=414","title":{"rendered":"Evaluaci\u00f3n de donadoras y receptoras"},"content":{"rendered":"\t\t<div data-elementor-type=\"wp-page\" data-elementor-id=\"414\" class=\"elementor elementor-414\">\n\t\t\t\t\t\t<section class=\"elementor-section elementor-top-section elementor-element elementor-element-fe6d76d elementor-section-boxed elementor-section-height-default elementor-section-height-default\" data-id=\"fe6d76d\" data-element_type=\"section\">\n\t\t\t\t\t\t<div class=\"elementor-container elementor-column-gap-default\">\n\t\t\t\t\t<div class=\"elementor-column elementor-col-33 elementor-top-column elementor-element elementor-element-d91baf7\" data-id=\"d91baf7\" data-element_type=\"column\">\n\t\t\t<div class=\"elementor-widget-wrap elementor-element-populated\">\n\t\t\t\t\t\t<div class=\"elementor-element elementor-element-a9884a8 elementor-widget elementor-widget-image\" data-id=\"a9884a8\" data-element_type=\"widget\" data-widget_type=\"image.default\">\n\t\t\t\t<div class=\"elementor-widget-container\">\n\t\t\t\t\t\t\t\t\t\t\t\t\t<img fetchpriority=\"high\" decoding=\"async\" width=\"1024\" height=\"683\" src=\"https:\/\/invitrocolombia.com.co\/wp-content\/uploads\/2021\/03\/DSC_0046-1024x683.jpg\" class=\"attachment-large size-large wp-image-185\" alt=\"\" srcset=\"https:\/\/invitrocolombia.com.co\/wp-content\/uploads\/2021\/03\/DSC_0046-1024x683.jpg 1024w, https:\/\/invitrocolombia.com.co\/wp-content\/uploads\/2021\/03\/DSC_0046-300x200.jpg 300w, https:\/\/invitrocolombia.com.co\/wp-content\/uploads\/2021\/03\/DSC_0046-768x512.jpg 768w, https:\/\/invitrocolombia.com.co\/wp-content\/uploads\/2021\/03\/DSC_0046-1536x1024.jpg 1536w, https:\/\/invitrocolombia.com.co\/wp-content\/uploads\/2021\/03\/DSC_0046-2048x1365.jpg 2048w\" sizes=\"(max-width: 1024px) 100vw, 1024px\" \/>\t\t\t\t\t\t\t\t\t\t\t\t\t<\/div>\n\t\t\t\t<\/div>\n\t\t\t\t\t<\/div>\n\t\t<\/div>\n\t\t\t\t<div class=\"elementor-column elementor-col-66 elementor-top-column elementor-element elementor-element-31077c2\" data-id=\"31077c2\" data-element_type=\"column\">\n\t\t\t<div class=\"elementor-widget-wrap elementor-element-populated\">\n\t\t\t\t\t\t<div class=\"elementor-element elementor-element-ff6bd8c elementor-widget elementor-widget-text-editor\" data-id=\"ff6bd8c\" data-element_type=\"widget\" data-widget_type=\"text-editor.default\">\n\t\t\t\t<div class=\"elementor-widget-container\">\n\t\t\t\t\t\t\t<h3><strong>Evaluaci\u00f3n de donadoras<\/strong><\/h3>\n<p style=\"text-align: justify;\">El proceso de evaluaci\u00f3n de donadoras generalmente es el primer proceso a realizarse. En esta etapa, se efect\u00faa un examen ultrasonogr\u00e1fico a nivel de los ovarios de la donadora, con el cual se establece el n\u00famero aproximado de fol\u00edculos secundarios y terciarios que posee este individuo y se proyecta la cantidad de Oocitos que podr\u00edan ser recuperados en el procedimiento de Aspiraci\u00f3n Folicular (OPU). Con base en esta informaci\u00f3n, adem\u00e1s de los datos hist\u00f3ricos del desempe\u00f1o de los toros a utilizar en procedimientos de fertilizaci\u00f3n In Vitro (FIV), es posible calcular un n\u00famero aproximado de embriones a ser producidos por el laboratorio, que a su vez determina la cantidad de receptoras a sincronizar por cada procedimiento.\u00a0 Cuando la evaluaci\u00f3n de la donadora es satisfactoria,\u00a0 se procede a realizar la evaluaci\u00f3n de las receptoras.<\/p>\t\t\t\t\t\t<\/div>\n\t\t\t\t<\/div>\n\t\t\t\t\t<\/div>\n\t\t<\/div>\n\t\t\t\t\t<\/div>\n\t\t<\/section>\n\t\t\t\t<section class=\"elementor-section elementor-top-section elementor-element elementor-element-1be5307 elementor-section-boxed elementor-section-height-default elementor-section-height-default\" data-id=\"1be5307\" data-element_type=\"section\">\n\t\t\t\t\t\t<div class=\"elementor-container elementor-column-gap-default\">\n\t\t\t\t\t<div class=\"elementor-column elementor-col-100 elementor-top-column elementor-element elementor-element-49c0791\" data-id=\"49c0791\" data-element_type=\"column\">\n\t\t\t<div class=\"elementor-widget-wrap elementor-element-populated\">\n\t\t\t\t\t\t<div class=\"elementor-element elementor-element-e825a77 elementor-widget elementor-widget-spacer\" data-id=\"e825a77\" data-element_type=\"widget\" data-widget_type=\"spacer.default\">\n\t\t\t\t<div class=\"elementor-widget-container\">\n\t\t\t\t\t<div class=\"elementor-spacer\">\n\t\t\t<div class=\"elementor-spacer-inner\"><\/div>\n\t\t<\/div>\n\t\t\t\t<\/div>\n\t\t\t\t<\/div>\n\t\t\t\t\t<\/div>\n\t\t<\/div>\n\t\t\t\t\t<\/div>\n\t\t<\/section>\n\t\t\t\t<section class=\"elementor-section elementor-top-section elementor-element elementor-element-9f37247 elementor-section-boxed elementor-section-height-default elementor-section-height-default\" data-id=\"9f37247\" data-element_type=\"section\">\n\t\t\t\t\t\t<div class=\"elementor-container elementor-column-gap-default\">\n\t\t\t\t\t<div class=\"elementor-column elementor-col-100 elementor-top-column elementor-element elementor-element-6664582\" data-id=\"6664582\" data-element_type=\"column\">\n\t\t\t<div class=\"elementor-widget-wrap elementor-element-populated\">\n\t\t\t\t\t\t<div class=\"elementor-element elementor-element-c9afba6 elementor-arrows-position-inside elementor-pagination-position-outside elementor-widget elementor-widget-image-carousel\" data-id=\"c9afba6\" data-element_type=\"widget\" data-settings=\"{&quot;slides_to_show&quot;:&quot;1&quot;,&quot;navigation&quot;:&quot;both&quot;,&quot;autoplay&quot;:&quot;yes&quot;,&quot;pause_on_hover&quot;:&quot;yes&quot;,&quot;pause_on_interaction&quot;:&quot;yes&quot;,&quot;autoplay_speed&quot;:5000,&quot;infinite&quot;:&quot;yes&quot;,&quot;effect&quot;:&quot;slide&quot;,&quot;speed&quot;:500}\" data-widget_type=\"image-carousel.default\">\n\t\t\t\t<div class=\"elementor-widget-container\">\n\t\t\t\t\t<div class=\"elementor-image-carousel-wrapper swiper\" dir=\"ltr\">\n\t\t\t<div class=\"elementor-image-carousel swiper-wrapper\" aria-live=\"off\">\n\t\t\t\t\t\t\t\t<div class=\"swiper-slide\" role=\"group\" aria-roledescription=\"slide\" aria-label=\"1 of 11\"><figure class=\"swiper-slide-inner\"><img decoding=\"async\" class=\"swiper-slide-image\" src=\"https:\/\/invitrocolombia.com.co\/wp-content\/uploads\/2021\/03\/DSC_0224-1024x683.jpg\" alt=\"prueba 1\" \/><\/figure><\/div><div class=\"swiper-slide\" role=\"group\" aria-roledescription=\"slide\" aria-label=\"2 of 11\"><figure class=\"swiper-slide-inner\"><img decoding=\"async\" class=\"swiper-slide-image\" src=\"https:\/\/invitrocolombia.com.co\/wp-content\/uploads\/2021\/03\/DSC_0252-1024x683.jpg\" alt=\"DSC_0252\" \/><\/figure><\/div><div class=\"swiper-slide\" role=\"group\" aria-roledescription=\"slide\" aria-label=\"3 of 11\"><figure class=\"swiper-slide-inner\"><img decoding=\"async\" class=\"swiper-slide-image\" src=\"https:\/\/invitrocolombia.com.co\/wp-content\/uploads\/2021\/03\/DSC_0255-1024x684.jpg\" alt=\"DSC_0255\" \/><\/figure><\/div><div class=\"swiper-slide\" role=\"group\" aria-roledescription=\"slide\" aria-label=\"4 of 11\"><figure class=\"swiper-slide-inner\"><img decoding=\"async\" class=\"swiper-slide-image\" src=\"https:\/\/invitrocolombia.com.co\/wp-content\/uploads\/2021\/03\/DSC_0280-1024x684.jpg\" alt=\"DSC_0280\" \/><\/figure><\/div><div class=\"swiper-slide\" role=\"group\" aria-roledescription=\"slide\" aria-label=\"5 of 11\"><figure class=\"swiper-slide-inner\"><img decoding=\"async\" class=\"swiper-slide-image\" src=\"https:\/\/invitrocolombia.com.co\/wp-content\/uploads\/2021\/03\/DSC_0321-1024x683.jpg\" alt=\"DSC_0321\" \/><\/figure><\/div><div class=\"swiper-slide\" role=\"group\" aria-roledescription=\"slide\" aria-label=\"6 of 11\"><figure class=\"swiper-slide-inner\"><img decoding=\"async\" class=\"swiper-slide-image\" src=\"https:\/\/invitrocolombia.com.co\/wp-content\/uploads\/2021\/03\/DSC_0055-1-1024x683.jpg\" alt=\"DSC_0055\" \/><\/figure><\/div><div class=\"swiper-slide\" role=\"group\" aria-roledescription=\"slide\" aria-label=\"7 of 11\"><figure class=\"swiper-slide-inner\"><img decoding=\"async\" class=\"swiper-slide-image\" src=\"https:\/\/invitrocolombia.com.co\/wp-content\/uploads\/2021\/03\/DSC_0154-1-1024x683.jpg\" alt=\"DSC_0154\" \/><\/figure><\/div><div class=\"swiper-slide\" role=\"group\" aria-roledescription=\"slide\" aria-label=\"8 of 11\"><figure class=\"swiper-slide-inner\"><img decoding=\"async\" class=\"swiper-slide-image\" src=\"https:\/\/invitrocolombia.com.co\/wp-content\/uploads\/2021\/03\/DSC_0168-1-1024x683.jpg\" alt=\"DSC_0168\" \/><\/figure><\/div><div class=\"swiper-slide\" role=\"group\" aria-roledescription=\"slide\" aria-label=\"9 of 11\"><figure class=\"swiper-slide-inner\"><img decoding=\"async\" class=\"swiper-slide-image\" src=\"https:\/\/invitrocolombia.com.co\/wp-content\/uploads\/2021\/03\/DSC_0227-1-1024x683.jpg\" alt=\"DSC_0227\" \/><\/figure><\/div><div class=\"swiper-slide\" role=\"group\" aria-roledescription=\"slide\" aria-label=\"10 of 11\"><figure class=\"swiper-slide-inner\"><img decoding=\"async\" class=\"swiper-slide-image\" src=\"https:\/\/invitrocolombia.com.co\/wp-content\/uploads\/2021\/03\/DSC_0303-1-1024x683.jpg\" alt=\"DSC_0303\" \/><\/figure><\/div><div class=\"swiper-slide\" role=\"group\" aria-roledescription=\"slide\" aria-label=\"11 of 11\"><figure class=\"swiper-slide-inner\"><img decoding=\"async\" class=\"swiper-slide-image\" src=\"https:\/\/invitrocolombia.com.co\/wp-content\/uploads\/2021\/03\/DSC_0052-1-1024x683.jpg\" alt=\"DSC_0052\" \/><\/figure><\/div>\t\t\t<\/div>\n\t\t\t\t\t\t\t\t\t\t\t\t<div class=\"elementor-swiper-button elementor-swiper-button-prev\" role=\"button\" tabindex=\"0\">\n\t\t\t\t\t\t<i aria-hidden=\"true\" class=\"eicon-chevron-left\"><\/i>\t\t\t\t\t<\/div>\n\t\t\t\t\t<div class=\"elementor-swiper-button elementor-swiper-button-next\" role=\"button\" tabindex=\"0\">\n\t\t\t\t\t\t<i aria-hidden=\"true\" class=\"eicon-chevron-right\"><\/i>\t\t\t\t\t<\/div>\n\t\t\t\t\n\t\t\t\t\t\t\t\t\t<div class=\"swiper-pagination\"><\/div>\n\t\t\t\t\t\t\t\t\t<\/div>\n\t\t\t\t<\/div>\n\t\t\t\t<\/div>\n\t\t\t\t\t<\/div>\n\t\t<\/div>\n\t\t\t\t\t<\/div>\n\t\t<\/section>\n\t\t\t\t<section class=\"elementor-section elementor-top-section elementor-element elementor-element-469a16d elementor-section-boxed elementor-section-height-default elementor-section-height-default\" data-id=\"469a16d\" data-element_type=\"section\">\n\t\t\t\t\t\t<div class=\"elementor-container elementor-column-gap-default\">\n\t\t\t\t\t<div class=\"elementor-column elementor-col-100 elementor-top-column elementor-element elementor-element-a76e81c\" data-id=\"a76e81c\" data-element_type=\"column\">\n\t\t\t<div class=\"elementor-widget-wrap elementor-element-populated\">\n\t\t\t\t\t\t<div class=\"elementor-element elementor-element-8e154e9 elementor-widget elementor-widget-spacer\" data-id=\"8e154e9\" data-element_type=\"widget\" data-widget_type=\"spacer.default\">\n\t\t\t\t<div class=\"elementor-widget-container\">\n\t\t\t\t\t<div class=\"elementor-spacer\">\n\t\t\t<div class=\"elementor-spacer-inner\"><\/div>\n\t\t<\/div>\n\t\t\t\t<\/div>\n\t\t\t\t<\/div>\n\t\t\t\t\t<\/div>\n\t\t<\/div>\n\t\t\t\t\t<\/div>\n\t\t<\/section>\n\t\t\t\t<section class=\"elementor-section elementor-top-section elementor-element elementor-element-6f0433a elementor-section-boxed elementor-section-height-default elementor-section-height-default\" data-id=\"6f0433a\" data-element_type=\"section\">\n\t\t\t\t\t\t<div class=\"elementor-container elementor-column-gap-default\">\n\t\t\t\t\t<div class=\"elementor-column elementor-col-50 elementor-top-column elementor-element elementor-element-e9b998b\" data-id=\"e9b998b\" data-element_type=\"column\">\n\t\t\t<div class=\"elementor-widget-wrap elementor-element-populated\">\n\t\t\t\t\t\t<div class=\"elementor-element elementor-element-30da291 elementor-widget elementor-widget-text-editor\" data-id=\"30da291\" data-element_type=\"widget\" data-widget_type=\"text-editor.default\">\n\t\t\t\t<div class=\"elementor-widget-container\">\n\t\t\t\t\t\t\t\n<h3><strong>Evaluaci\u00f3n de receptoras<\/strong><\/h3>\n<p style=\"text-align: justify;\">El procedimiento de evaluaci\u00f3n de receptoras es realizado mediante palpaci\u00f3n rectal y\/o\u00a0ultrasonograf\u00eda. En este proceso, un profesional de <strong>IN VITRO COLOMBIA<\/strong> eval\u00faa el status reproductivo de cada uno de los animales candidatos a ser considerados como receptoras, los cuales previamente a la evaluaci\u00f3n, cumplen como m\u00ednimo los siguientes requisitos: Hembras\u00a0 vac\u00edas, buen desarrollo corporal, buen estado de salud (apariencia normal), condici\u00f3n corporal entre 3.0 y 3.5 (escala de 1 \u2013 5), plan sanitario contra enfermedades reproductivas completo y un sistema reproductivo completamente funcional de acuerdo a su categor\u00eda (novilla o vaca).<\/p>\t\t\t\t\t\t<\/div>\n\t\t\t\t<\/div>\n\t\t\t\t\t<\/div>\n\t\t<\/div>\n\t\t\t\t<div class=\"elementor-column elementor-col-50 elementor-top-column elementor-element elementor-element-526b7da\" data-id=\"526b7da\" data-element_type=\"column\">\n\t\t\t<div class=\"elementor-widget-wrap elementor-element-populated\">\n\t\t\t\t\t\t<div class=\"elementor-element elementor-element-72d01e2 elementor-widget elementor-widget-image\" data-id=\"72d01e2\" data-element_type=\"widget\" data-widget_type=\"image.default\">\n\t\t\t\t<div class=\"elementor-widget-container\">\n\t\t\t\t\t\t\t\t\t\t\t\t\t<img decoding=\"async\" width=\"1024\" height=\"683\" src=\"https:\/\/invitrocolombia.com.co\/wp-content\/uploads\/2021\/03\/DSC_0002-1-1024x683.jpg\" class=\"attachment-large size-large wp-image-416\" alt=\"\" srcset=\"https:\/\/invitrocolombia.com.co\/wp-content\/uploads\/2021\/03\/DSC_0002-1-1024x683.jpg 1024w, https:\/\/invitrocolombia.com.co\/wp-content\/uploads\/2021\/03\/DSC_0002-1-300x200.jpg 300w, https:\/\/invitrocolombia.com.co\/wp-content\/uploads\/2021\/03\/DSC_0002-1-768x512.jpg 768w, https:\/\/invitrocolombia.com.co\/wp-content\/uploads\/2021\/03\/DSC_0002-1-1536x1024.jpg 1536w, https:\/\/invitrocolombia.com.co\/wp-content\/uploads\/2021\/03\/DSC_0002-1-2048x1365.jpg 2048w\" sizes=\"(max-width: 1024px) 100vw, 1024px\" \/>\t\t\t\t\t\t\t\t\t\t\t\t\t<\/div>\n\t\t\t\t<\/div>\n\t\t\t\t\t<\/div>\n\t\t<\/div>\n\t\t\t\t\t<\/div>\n\t\t<\/section>\n\t\t\t\t<section class=\"elementor-section elementor-top-section elementor-element elementor-element-a577968 elementor-section-boxed elementor-section-height-default elementor-section-height-default\" data-id=\"a577968\" data-element_type=\"section\">\n\t\t\t\t\t\t<div class=\"elementor-container elementor-column-gap-default\">\n\t\t\t\t\t<div class=\"elementor-column elementor-col-100 elementor-top-column elementor-element elementor-element-9782df4\" data-id=\"9782df4\" data-element_type=\"column\">\n\t\t\t<div class=\"elementor-widget-wrap elementor-element-populated\">\n\t\t\t\t\t\t<div class=\"elementor-element elementor-element-fda2baa elementor-widget elementor-widget-spacer\" data-id=\"fda2baa\" data-element_type=\"widget\" data-widget_type=\"spacer.default\">\n\t\t\t\t<div class=\"elementor-widget-container\">\n\t\t\t\t\t<div class=\"elementor-spacer\">\n\t\t\t<div class=\"elementor-spacer-inner\"><\/div>\n\t\t<\/div>\n\t\t\t\t<\/div>\n\t\t\t\t<\/div>\n\t\t\t\t\t<\/div>\n\t\t<\/div>\n\t\t\t\t\t<\/div>\n\t\t<\/section>\n\t\t\t\t<section class=\"elementor-section elementor-top-section elementor-element elementor-element-52e3cb6 elementor-section-boxed elementor-section-height-default elementor-section-height-default\" data-id=\"52e3cb6\" data-element_type=\"section\">\n\t\t\t\t\t\t<div class=\"elementor-container elementor-column-gap-default\">\n\t\t\t\t\t<div class=\"elementor-column elementor-col-100 elementor-top-column elementor-element elementor-element-5cb51d5\" data-id=\"5cb51d5\" data-element_type=\"column\">\n\t\t\t<div class=\"elementor-widget-wrap elementor-element-populated\">\n\t\t\t\t\t\t<div class=\"elementor-element elementor-element-74a792c elementor-arrows-position-inside elementor-pagination-position-outside elementor-widget elementor-widget-image-carousel\" data-id=\"74a792c\" data-element_type=\"widget\" data-settings=\"{&quot;slides_to_show&quot;:&quot;1&quot;,&quot;navigation&quot;:&quot;both&quot;,&quot;autoplay&quot;:&quot;yes&quot;,&quot;pause_on_hover&quot;:&quot;yes&quot;,&quot;pause_on_interaction&quot;:&quot;yes&quot;,&quot;autoplay_speed&quot;:5000,&quot;infinite&quot;:&quot;yes&quot;,&quot;effect&quot;:&quot;slide&quot;,&quot;speed&quot;:500}\" data-widget_type=\"image-carousel.default\">\n\t\t\t\t<div class=\"elementor-widget-container\">\n\t\t\t\t\t<div class=\"elementor-image-carousel-wrapper swiper\" dir=\"ltr\">\n\t\t\t<div class=\"elementor-image-carousel swiper-wrapper\" aria-live=\"off\">\n\t\t\t\t\t\t\t\t<div class=\"swiper-slide\" role=\"group\" aria-roledescription=\"slide\" aria-label=\"1 of 14\"><figure class=\"swiper-slide-inner\"><img decoding=\"async\" class=\"swiper-slide-image\" src=\"https:\/\/invitrocolombia.com.co\/wp-content\/uploads\/2021\/03\/DSC_0184-1024x683.jpg\" alt=\"DSC_0184\" \/><\/figure><\/div><div class=\"swiper-slide\" role=\"group\" aria-roledescription=\"slide\" aria-label=\"2 of 14\"><figure class=\"swiper-slide-inner\"><img decoding=\"async\" class=\"swiper-slide-image\" src=\"https:\/\/invitrocolombia.com.co\/wp-content\/uploads\/2021\/03\/DSC_0254-1024x684.jpg\" alt=\"DSC_0254\" \/><\/figure><\/div><div class=\"swiper-slide\" role=\"group\" aria-roledescription=\"slide\" aria-label=\"3 of 14\"><figure class=\"swiper-slide-inner\"><img decoding=\"async\" class=\"swiper-slide-image\" src=\"https:\/\/invitrocolombia.com.co\/wp-content\/uploads\/2021\/03\/DSC_0261-1024x684.jpg\" alt=\"DSC_0261\" \/><\/figure><\/div><div class=\"swiper-slide\" role=\"group\" aria-roledescription=\"slide\" aria-label=\"4 of 14\"><figure class=\"swiper-slide-inner\"><img decoding=\"async\" class=\"swiper-slide-image\" src=\"https:\/\/invitrocolombia.com.co\/wp-content\/uploads\/2021\/03\/DSC_0265-1024x684.jpg\" alt=\"DSC_0265\" \/><\/figure><\/div><div class=\"swiper-slide\" role=\"group\" aria-roledescription=\"slide\" aria-label=\"5 of 14\"><figure class=\"swiper-slide-inner\"><img decoding=\"async\" class=\"swiper-slide-image\" src=\"https:\/\/invitrocolombia.com.co\/wp-content\/uploads\/2021\/03\/DSC_0297-1024x684.jpg\" alt=\"DSC_0297\" \/><\/figure><\/div><div class=\"swiper-slide\" role=\"group\" aria-roledescription=\"slide\" aria-label=\"6 of 14\"><figure class=\"swiper-slide-inner\"><img decoding=\"async\" class=\"swiper-slide-image\" src=\"https:\/\/invitrocolombia.com.co\/wp-content\/uploads\/2021\/03\/DSC_0316-1024x684.jpg\" alt=\"DSC_0316\" \/><\/figure><\/div><div class=\"swiper-slide\" role=\"group\" aria-roledescription=\"slide\" aria-label=\"7 of 14\"><figure class=\"swiper-slide-inner\"><img decoding=\"async\" class=\"swiper-slide-image\" src=\"https:\/\/invitrocolombia.com.co\/wp-content\/uploads\/2021\/03\/DSC_0058-1024x684.jpg\" alt=\"DSC_0058\" \/><\/figure><\/div><div class=\"swiper-slide\" role=\"group\" aria-roledescription=\"slide\" aria-label=\"8 of 14\"><figure class=\"swiper-slide-inner\"><img decoding=\"async\" class=\"swiper-slide-image\" src=\"https:\/\/invitrocolombia.com.co\/wp-content\/uploads\/2021\/03\/DSC_0047-1024x683.jpg\" alt=\"DSC_0047\" \/><\/figure><\/div><div class=\"swiper-slide\" role=\"group\" aria-roledescription=\"slide\" aria-label=\"9 of 14\"><figure class=\"swiper-slide-inner\"><img decoding=\"async\" class=\"swiper-slide-image\" src=\"https:\/\/invitrocolombia.com.co\/wp-content\/uploads\/2021\/03\/DSC_0016-1-1024x684.jpg\" alt=\"DSC_0016\" \/><\/figure><\/div><div class=\"swiper-slide\" role=\"group\" aria-roledescription=\"slide\" aria-label=\"10 of 14\"><figure class=\"swiper-slide-inner\"><img decoding=\"async\" class=\"swiper-slide-image\" src=\"https:\/\/invitrocolombia.com.co\/wp-content\/uploads\/2021\/03\/DSC_0021-1-1024x683.jpg\" alt=\"DSC_0021\" \/><\/figure><\/div><div class=\"swiper-slide\" role=\"group\" aria-roledescription=\"slide\" aria-label=\"11 of 14\"><figure class=\"swiper-slide-inner\"><img decoding=\"async\" class=\"swiper-slide-image\" src=\"https:\/\/invitrocolombia.com.co\/wp-content\/uploads\/2021\/03\/DSC_0022-2-1024x684.jpg\" alt=\"DSC_0022\" \/><\/figure><\/div><div class=\"swiper-slide\" role=\"group\" aria-roledescription=\"slide\" aria-label=\"12 of 14\"><figure class=\"swiper-slide-inner\"><img decoding=\"async\" class=\"swiper-slide-image\" src=\"https:\/\/invitrocolombia.com.co\/wp-content\/uploads\/2021\/03\/DSC_0029-1-1024x683.jpg\" alt=\"DSC_0029\" \/><\/figure><\/div><div class=\"swiper-slide\" role=\"group\" aria-roledescription=\"slide\" aria-label=\"13 of 14\"><figure class=\"swiper-slide-inner\"><img decoding=\"async\" class=\"swiper-slide-image\" src=\"https:\/\/invitrocolombia.com.co\/wp-content\/uploads\/2021\/03\/DSC_0002-2-1024x683.jpg\" alt=\"DSC_0002\" \/><\/figure><\/div><div class=\"swiper-slide\" role=\"group\" aria-roledescription=\"slide\" aria-label=\"14 of 14\"><figure class=\"swiper-slide-inner\"><img decoding=\"async\" class=\"swiper-slide-image\" src=\"https:\/\/invitrocolombia.com.co\/wp-content\/uploads\/2021\/03\/DSC_0093-1-1024x683.jpg\" alt=\"DSC_0093\" \/><\/figure><\/div>\t\t\t<\/div>\n\t\t\t\t\t\t\t\t\t\t\t\t<div class=\"elementor-swiper-button elementor-swiper-button-prev\" role=\"button\" tabindex=\"0\">\n\t\t\t\t\t\t<i aria-hidden=\"true\" class=\"eicon-chevron-left\"><\/i>\t\t\t\t\t<\/div>\n\t\t\t\t\t<div class=\"elementor-swiper-button elementor-swiper-button-next\" role=\"button\" tabindex=\"0\">\n\t\t\t\t\t\t<i aria-hidden=\"true\" class=\"eicon-chevron-right\"><\/i>\t\t\t\t\t<\/div>\n\t\t\t\t\n\t\t\t\t\t\t\t\t\t<div class=\"swiper-pagination\"><\/div>\n\t\t\t\t\t\t\t\t\t<\/div>\n\t\t\t\t<\/div>\n\t\t\t\t<\/div>\n\t\t\t\t\t<\/div>\n\t\t<\/div>\n\t\t\t\t\t<\/div>\n\t\t<\/section>\n\t\t\t\t<\/div>\n\t\t","protected":false},"excerpt":{"rendered":"<p>Evaluaci\u00f3n de donadoras El proceso de evaluaci\u00f3n de donadoras generalmente es el primer proceso a realizarse. En esta etapa, se efect\u00faa un examen ultrasonogr\u00e1fico a nivel de los ovarios de la donadora, con el cual se establece el n\u00famero aproximado de fol\u00edculos secundarios y terciarios que posee este individuo y se proyecta la cantidad de [&hellip;]<\/p>\n","protected":false},"author":1,"featured_media":0,"parent":0,"menu_order":0,"comment_status":"closed","ping_status":"closed","template":"","meta":{"footnotes":""},"class_list":["post-414","page","type-page","status-publish","hentry"],"_links":{"self":[{"href":"https:\/\/invitrocolombia.com.co\/index.php?rest_route=\/wp\/v2\/pages\/414","targetHints":{"allow":["GET"]}}],"collection":[{"href":"https:\/\/invitrocolombia.com.co\/index.php?rest_route=\/wp\/v2\/pages"}],"about":[{"href":"https:\/\/invitrocolombia.com.co\/index.php?rest_route=\/wp\/v2\/types\/page"}],"author":[{"embeddable":true,"href":"https:\/\/invitrocolombia.com.co\/index.php?rest_route=\/wp\/v2\/users\/1"}],"replies":[{"embeddable":true,"href":"https:\/\/invitrocolombia.com.co\/index.php?rest_route=%2Fwp%2Fv2%2Fcomments&post=414"}],"version-history":[{"count":10,"href":"https:\/\/invitrocolombia.com.co\/index.php?rest_route=\/wp\/v2\/pages\/414\/revisions"}],"predecessor-version":[{"id":734,"href":"https:\/\/invitrocolombia.com.co\/index.php?rest_route=\/wp\/v2\/pages\/414\/revisions\/734"}],"wp:attachment":[{"href":"https:\/\/invitrocolombia.com.co\/index.php?rest_route=%2Fwp%2Fv2%2Fmedia&parent=414"}],"curies":[{"name":"wp","href":"https:\/\/api.w.org\/{rel}","templated":true}]}}