{"id":398,"date":"2021-03-26T12:13:23","date_gmt":"2021-03-26T17:13:23","guid":{"rendered":"https:\/\/invitrocolombia.com.co\/?page_id=398"},"modified":"2021-03-30T19:45:22","modified_gmt":"2021-03-31T00:45:22","slug":"elementor-398","status":"publish","type":"page","link":"https:\/\/invitrocolombia.com.co\/?page_id=398","title":{"rendered":"Fertilizaci\u00f3n In vitro (FIV)"},"content":{"rendered":"\t\t<div data-elementor-type=\"wp-page\" data-elementor-id=\"398\" class=\"elementor elementor-398\">\n\t\t\t\t\t\t<section class=\"elementor-section elementor-top-section elementor-element elementor-element-48995a1 elementor-section-boxed elementor-section-height-default elementor-section-height-default\" data-id=\"48995a1\" data-element_type=\"section\">\n\t\t\t\t\t\t<div class=\"elementor-container elementor-column-gap-default\">\n\t\t\t\t\t<div class=\"elementor-column elementor-col-33 elementor-top-column elementor-element elementor-element-dd4f476\" data-id=\"dd4f476\" data-element_type=\"column\">\n\t\t\t<div class=\"elementor-widget-wrap elementor-element-populated\">\n\t\t\t\t\t\t<div class=\"elementor-element elementor-element-f4ddb62 elementor-widget elementor-widget-image\" data-id=\"f4ddb62\" data-element_type=\"widget\" data-widget_type=\"image.default\">\n\t\t\t\t<div class=\"elementor-widget-container\">\n\t\t\t\t\t\t\t\t\t\t\t\t\t<img fetchpriority=\"high\" decoding=\"async\" width=\"1024\" height=\"683\" src=\"https:\/\/invitrocolombia.com.co\/wp-content\/uploads\/2021\/03\/101-1-1024x683.jpg\" class=\"attachment-large size-large wp-image-227\" alt=\"\" srcset=\"https:\/\/invitrocolombia.com.co\/wp-content\/uploads\/2021\/03\/101-1-1024x683.jpg 1024w, https:\/\/invitrocolombia.com.co\/wp-content\/uploads\/2021\/03\/101-1-300x200.jpg 300w, https:\/\/invitrocolombia.com.co\/wp-content\/uploads\/2021\/03\/101-1-768x512.jpg 768w, https:\/\/invitrocolombia.com.co\/wp-content\/uploads\/2021\/03\/101-1-1536x1024.jpg 1536w, https:\/\/invitrocolombia.com.co\/wp-content\/uploads\/2021\/03\/101-1-2048x1365.jpg 2048w\" sizes=\"(max-width: 1024px) 100vw, 1024px\" \/>\t\t\t\t\t\t\t\t\t\t\t\t\t<\/div>\n\t\t\t\t<\/div>\n\t\t\t\t\t<\/div>\n\t\t<\/div>\n\t\t\t\t<div class=\"elementor-column elementor-col-66 elementor-top-column elementor-element elementor-element-a42cb46\" data-id=\"a42cb46\" data-element_type=\"column\">\n\t\t\t<div class=\"elementor-widget-wrap elementor-element-populated\">\n\t\t\t\t\t\t<div class=\"elementor-element elementor-element-77141a6 elementor-widget elementor-widget-text-editor\" data-id=\"77141a6\" data-element_type=\"widget\" data-widget_type=\"text-editor.default\">\n\t\t\t\t<div class=\"elementor-widget-container\">\n\t\t\t\t\t\t\t<p style=\"text-align: justify;\">La fertilizaci\u00f3n in vitro (FIV), es una t\u00e9cnica de reproducci\u00f3n asistida que implica la producci\u00f3n de embriones por medios artificiales. En esta, los Oocitos obtenidos mediante la Aspiraci\u00f3n Folicular (OPU) son sometidos a un proceso de Maduraci\u00f3n In Vitro (MIV), que servir\u00e1 de preparaci\u00f3n para el proceso de Fertilizaci\u00f3n In Vitro (FIV) propiamente dicho, donde 24 horas despu\u00e9s del inicio de la etapa de maduraci\u00f3n, los ahora \u00d3vulos (Oocitos maduros) ser\u00e1n fertilizados con espermatozoides de los toros seleccionados por el cliente.Posteriormente estos futuros embriones entraran a un proceso de Cultivo In Vitro (CIV) con medios nutritivos especiales durante un periodo de 7 d\u00edas, donde iniciaran el proceso de desarrollo embrionario hasta el estadio de blastocito (embri\u00f3n desarrollado) hasta los 7 u 8 d\u00edas de vida, momento en el c\u00faal ser\u00e1n evaluados por el profesional del laboratorio y una vez seleccionados los de mejor calidad, enviados hasta el local donde se encuentran las receptoras previamente preparadas y sincronizadas para finalmente iniciar el proceso de transferencia de embriones (T.E)<\/p>\t\t\t\t\t\t<\/div>\n\t\t\t\t<\/div>\n\t\t\t\t\t<\/div>\n\t\t<\/div>\n\t\t\t\t\t<\/div>\n\t\t<\/section>\n\t\t\t\t<section class=\"elementor-section elementor-top-section elementor-element elementor-element-009578e elementor-section-boxed elementor-section-height-default elementor-section-height-default\" data-id=\"009578e\" data-element_type=\"section\">\n\t\t\t\t\t\t<div class=\"elementor-container elementor-column-gap-default\">\n\t\t\t\t\t<div class=\"elementor-column elementor-col-100 elementor-top-column elementor-element elementor-element-653b009\" data-id=\"653b009\" data-element_type=\"column\">\n\t\t\t<div class=\"elementor-widget-wrap elementor-element-populated\">\n\t\t\t\t\t\t<div class=\"elementor-element elementor-element-989987f elementor-arrows-position-inside elementor-pagination-position-outside elementor-widget elementor-widget-image-carousel\" data-id=\"989987f\" data-element_type=\"widget\" data-settings=\"{&quot;slides_to_show&quot;:&quot;1&quot;,&quot;navigation&quot;:&quot;both&quot;,&quot;autoplay&quot;:&quot;yes&quot;,&quot;pause_on_hover&quot;:&quot;yes&quot;,&quot;pause_on_interaction&quot;:&quot;yes&quot;,&quot;autoplay_speed&quot;:5000,&quot;infinite&quot;:&quot;yes&quot;,&quot;effect&quot;:&quot;slide&quot;,&quot;speed&quot;:500}\" data-widget_type=\"image-carousel.default\">\n\t\t\t\t<div class=\"elementor-widget-container\">\n\t\t\t\t\t<div class=\"elementor-image-carousel-wrapper swiper\" dir=\"ltr\">\n\t\t\t<div class=\"elementor-image-carousel swiper-wrapper\" aria-live=\"off\">\n\t\t\t\t\t\t\t\t<div class=\"swiper-slide\" role=\"group\" aria-roledescription=\"slide\" aria-label=\"1 of 2\"><figure class=\"swiper-slide-inner\"><img decoding=\"async\" class=\"swiper-slide-image\" src=\"https:\/\/invitrocolombia.com.co\/wp-content\/uploads\/2021\/03\/DSC_0019-2-1024x683.jpg\" alt=\"DSC_0019\" \/><\/figure><\/div><div class=\"swiper-slide\" role=\"group\" aria-roledescription=\"slide\" aria-label=\"2 of 2\"><figure class=\"swiper-slide-inner\"><img decoding=\"async\" class=\"swiper-slide-image\" src=\"https:\/\/invitrocolombia.com.co\/wp-content\/uploads\/2021\/03\/DSC_0027-1-1024x683.jpg\" alt=\"DSC_0027\" \/><\/figure><\/div>\t\t\t<\/div>\n\t\t\t\t\t\t\t\t\t\t\t\t<div class=\"elementor-swiper-button elementor-swiper-button-prev\" role=\"button\" tabindex=\"0\">\n\t\t\t\t\t\t<i aria-hidden=\"true\" class=\"eicon-chevron-left\"><\/i>\t\t\t\t\t<\/div>\n\t\t\t\t\t<div class=\"elementor-swiper-button elementor-swiper-button-next\" role=\"button\" tabindex=\"0\">\n\t\t\t\t\t\t<i aria-hidden=\"true\" class=\"eicon-chevron-right\"><\/i>\t\t\t\t\t<\/div>\n\t\t\t\t\n\t\t\t\t\t\t\t\t\t<div class=\"swiper-pagination\"><\/div>\n\t\t\t\t\t\t\t\t\t<\/div>\n\t\t\t\t<\/div>\n\t\t\t\t<\/div>\n\t\t\t\t\t<\/div>\n\t\t<\/div>\n\t\t\t\t\t<\/div>\n\t\t<\/section>\n\t\t\t\t<\/div>\n\t\t","protected":false},"excerpt":{"rendered":"<p>La fertilizaci\u00f3n in vitro (FIV), es una t\u00e9cnica de reproducci\u00f3n asistida que implica la producci\u00f3n de embriones por medios artificiales. En esta, los Oocitos obtenidos mediante la Aspiraci\u00f3n Folicular (OPU) son sometidos a un proceso de Maduraci\u00f3n In Vitro (MIV), que servir\u00e1 de preparaci\u00f3n para el proceso de Fertilizaci\u00f3n In Vitro (FIV) propiamente dicho, donde [&hellip;]<\/p>\n","protected":false},"author":1,"featured_media":0,"parent":0,"menu_order":0,"comment_status":"closed","ping_status":"closed","template":"","meta":{"footnotes":""},"class_list":["post-398","page","type-page","status-publish","hentry"],"_links":{"self":[{"href":"https:\/\/invitrocolombia.com.co\/index.php?rest_route=\/wp\/v2\/pages\/398","targetHints":{"allow":["GET"]}}],"collection":[{"href":"https:\/\/invitrocolombia.com.co\/index.php?rest_route=\/wp\/v2\/pages"}],"about":[{"href":"https:\/\/invitrocolombia.com.co\/index.php?rest_route=\/wp\/v2\/types\/page"}],"author":[{"embeddable":true,"href":"https:\/\/invitrocolombia.com.co\/index.php?rest_route=\/wp\/v2\/users\/1"}],"replies":[{"embeddable":true,"href":"https:\/\/invitrocolombia.com.co\/index.php?rest_route=%2Fwp%2Fv2%2Fcomments&post=398"}],"version-history":[{"count":13,"href":"https:\/\/invitrocolombia.com.co\/index.php?rest_route=\/wp\/v2\/pages\/398\/revisions"}],"predecessor-version":[{"id":757,"href":"https:\/\/invitrocolombia.com.co\/index.php?rest_route=\/wp\/v2\/pages\/398\/revisions\/757"}],"wp:attachment":[{"href":"https:\/\/invitrocolombia.com.co\/index.php?rest_route=%2Fwp%2Fv2%2Fmedia&parent=398"}],"curies":[{"name":"wp","href":"https:\/\/api.w.org\/{rel}","templated":true}]}}