{"id":393,"date":"2021-03-26T12:02:27","date_gmt":"2021-03-26T17:02:27","guid":{"rendered":"https:\/\/invitrocolombia.com.co\/?page_id=393"},"modified":"2021-03-30T19:33:39","modified_gmt":"2021-03-31T00:33:39","slug":"transferencia-de-embriones","status":"publish","type":"page","link":"https:\/\/invitrocolombia.com.co\/?page_id=393","title":{"rendered":"Transferencia de embriones"},"content":{"rendered":"\t\t<div data-elementor-type=\"wp-page\" data-elementor-id=\"393\" class=\"elementor elementor-393\">\n\t\t\t\t\t\t<section class=\"elementor-section elementor-top-section elementor-element elementor-element-d641c1c elementor-section-boxed elementor-section-height-default elementor-section-height-default\" data-id=\"d641c1c\" data-element_type=\"section\">\n\t\t\t\t\t\t<div class=\"elementor-container elementor-column-gap-default\">\n\t\t\t\t\t<div class=\"elementor-column elementor-col-33 elementor-top-column elementor-element elementor-element-e1153fc\" data-id=\"e1153fc\" data-element_type=\"column\">\n\t\t\t<div class=\"elementor-widget-wrap elementor-element-populated\">\n\t\t\t\t\t\t<div class=\"elementor-element elementor-element-e90cae1 elementor-widget elementor-widget-image\" data-id=\"e90cae1\" data-element_type=\"widget\" data-widget_type=\"image.default\">\n\t\t\t\t<div class=\"elementor-widget-container\">\n\t\t\t\t\t\t\t\t\t\t\t\t\t<img fetchpriority=\"high\" decoding=\"async\" width=\"1024\" height=\"615\" src=\"https:\/\/invitrocolombia.com.co\/wp-content\/uploads\/2021\/03\/fotoslab5-1024x615.jpg\" class=\"attachment-large size-large wp-image-228\" alt=\"\" srcset=\"https:\/\/invitrocolombia.com.co\/wp-content\/uploads\/2021\/03\/fotoslab5-1024x615.jpg 1024w, https:\/\/invitrocolombia.com.co\/wp-content\/uploads\/2021\/03\/fotoslab5-300x180.jpg 300w, https:\/\/invitrocolombia.com.co\/wp-content\/uploads\/2021\/03\/fotoslab5-768x461.jpg 768w, https:\/\/invitrocolombia.com.co\/wp-content\/uploads\/2021\/03\/fotoslab5-1536x923.jpg 1536w, https:\/\/invitrocolombia.com.co\/wp-content\/uploads\/2021\/03\/fotoslab5-2048x1231.jpg 2048w\" sizes=\"(max-width: 1024px) 100vw, 1024px\" \/>\t\t\t\t\t\t\t\t\t\t\t\t\t<\/div>\n\t\t\t\t<\/div>\n\t\t\t\t\t<\/div>\n\t\t<\/div>\n\t\t\t\t<div class=\"elementor-column elementor-col-66 elementor-top-column elementor-element elementor-element-006b646\" data-id=\"006b646\" data-element_type=\"column\">\n\t\t\t<div class=\"elementor-widget-wrap elementor-element-populated\">\n\t\t\t\t\t\t<div class=\"elementor-element elementor-element-046554e elementor-widget elementor-widget-text-editor\" data-id=\"046554e\" data-element_type=\"widget\" data-widget_type=\"text-editor.default\">\n\t\t\t\t<div class=\"elementor-widget-container\">\n\t\t\t\t\t\t\t<p style=\"text-align: justify;\">La Transferencia de los Embriones se refiere espec\u00edficamente al proceso de inocular o colocar los Embriones producidos en el laboratorio despu\u00e9s del procedimiento de OPU-FIV en el utero de las receptoras seleccionadas y sincronizadas para tal fin. El procedimiento de TE es un proceso simple y r\u00e1pido realizado de manera no quir\u00fargica, llevado a cabo por profesionales altamente capacitados.<\/p>\t\t\t\t\t\t<\/div>\n\t\t\t\t<\/div>\n\t\t\t\t\t<\/div>\n\t\t<\/div>\n\t\t\t\t\t<\/div>\n\t\t<\/section>\n\t\t\t\t<section class=\"elementor-section elementor-top-section elementor-element elementor-element-a4c0644 elementor-section-boxed elementor-section-height-default elementor-section-height-default\" data-id=\"a4c0644\" data-element_type=\"section\">\n\t\t\t\t\t\t<div class=\"elementor-container elementor-column-gap-default\">\n\t\t\t\t\t<div class=\"elementor-column elementor-col-100 elementor-top-column elementor-element elementor-element-b47abe2\" data-id=\"b47abe2\" data-element_type=\"column\">\n\t\t\t<div class=\"elementor-widget-wrap elementor-element-populated\">\n\t\t\t\t\t\t<div class=\"elementor-element elementor-element-d183878 elementor-widget elementor-widget-text-editor\" data-id=\"d183878\" data-element_type=\"widget\" data-widget_type=\"text-editor.default\">\n\t\t\t\t<div class=\"elementor-widget-container\">\n\t\t\t\t\t\t\t\n<p style=\"text-align: justify;\">El procedimiento inicia en el laboratorio siete d\u00edas despu\u00e9s de realizado el procedimiento de Aspiraci\u00f3n folicular OPU, una vez han sido seleccionados los embriones de mejor calidad por parte de los t\u00e9cnicos de laboratorio, estos\u00a0embriones son empacados e identificados individualmente en pajillas especiales o bajo determinadas condiciones de operaci\u00f3n que involucran tiempos de transporte mayores a 24 horas, seleccionados y empacados en tubos para su transporte hasta el local de transferencia, donde ser\u00e1n recibidos directamente por el profesional de <strong>IN VITRO COLOMBIA<\/strong> encargado del procedimiento de T.E.<\/p>\n<p style=\"text-align: justify;\">Con los embriones listos y previo a iniciar el proceso, cada receptora es ubicada en un brete, donde el profesional realiza una evaluaci\u00f3n reproductiva por palpaci\u00f3n rectal en busca de un cuerpo l\u00fateo de buena calidad,\u00a0signo inequ\u00edvoco de que la receptora ovul\u00f3 y respondi\u00f3 satisfactoriamente al protocolo de sincronizaci\u00f3n hormonal, de encontrar una respuesta aceptable, la receptora es anestesiada con una inyecci\u00f3n epidural baja\u00a0 y con la ayuda de una pistola de transferencia de embriones, el t\u00e9cnico procede a superar la barrera del cuello del utero (cervix) y a colocar el embri\u00f3n en el cuerno uterino ipsilateral (del mismo lado) donde est\u00e1 presente el cuerpo l\u00fateo, para ello, manipula cuidadosamente el cuerno uterino correspondiente, de modo que la pistola llegue con la mayor suavidad posible hasta el punto blanco de descarga sin causar molestia alguna al tejido uterino y depositar all\u00ed el embri\u00f3n en cuesti\u00f3n. Posteriormente y una vez finalizado el procedimiento, se toman los datos de la receptora (numero o identificaci\u00f3n) y del embri\u00f3n que fue transferido, en este momento la receptora es liberada y el proceso inicia nuevamente con otro animal.<\/p>\t\t\t\t\t\t<\/div>\n\t\t\t\t<\/div>\n\t\t\t\t\t<\/div>\n\t\t<\/div>\n\t\t\t\t\t<\/div>\n\t\t<\/section>\n\t\t\t\t<section class=\"elementor-section elementor-top-section elementor-element elementor-element-7fc5283 elementor-section-boxed elementor-section-height-default elementor-section-height-default\" data-id=\"7fc5283\" data-element_type=\"section\">\n\t\t\t\t\t\t<div class=\"elementor-container elementor-column-gap-default\">\n\t\t\t\t\t<div class=\"elementor-column elementor-col-100 elementor-top-column elementor-element elementor-element-5f4f89e\" data-id=\"5f4f89e\" data-element_type=\"column\">\n\t\t\t<div class=\"elementor-widget-wrap elementor-element-populated\">\n\t\t\t\t\t\t<div class=\"elementor-element elementor-element-2fee4de elementor-widget elementor-widget-spacer\" data-id=\"2fee4de\" data-element_type=\"widget\" data-widget_type=\"spacer.default\">\n\t\t\t\t<div class=\"elementor-widget-container\">\n\t\t\t\t\t<div class=\"elementor-spacer\">\n\t\t\t<div class=\"elementor-spacer-inner\"><\/div>\n\t\t<\/div>\n\t\t\t\t<\/div>\n\t\t\t\t<\/div>\n\t\t\t\t\t<\/div>\n\t\t<\/div>\n\t\t\t\t\t<\/div>\n\t\t<\/section>\n\t\t\t\t<section class=\"elementor-section elementor-top-section elementor-element elementor-element-ff0973b elementor-section-boxed elementor-section-height-default elementor-section-height-default\" data-id=\"ff0973b\" data-element_type=\"section\">\n\t\t\t\t\t\t<div class=\"elementor-container elementor-column-gap-default\">\n\t\t\t\t\t<div class=\"elementor-column elementor-col-100 elementor-top-column elementor-element elementor-element-228d270\" data-id=\"228d270\" data-element_type=\"column\">\n\t\t\t<div class=\"elementor-widget-wrap elementor-element-populated\">\n\t\t\t\t\t\t<div class=\"elementor-element elementor-element-f717c9f elementor-arrows-position-inside elementor-pagination-position-outside elementor-widget elementor-widget-image-carousel\" data-id=\"f717c9f\" data-element_type=\"widget\" data-settings=\"{&quot;slides_to_show&quot;:&quot;1&quot;,&quot;navigation&quot;:&quot;both&quot;,&quot;autoplay&quot;:&quot;yes&quot;,&quot;pause_on_hover&quot;:&quot;yes&quot;,&quot;pause_on_interaction&quot;:&quot;yes&quot;,&quot;autoplay_speed&quot;:5000,&quot;infinite&quot;:&quot;yes&quot;,&quot;effect&quot;:&quot;slide&quot;,&quot;speed&quot;:500}\" data-widget_type=\"image-carousel.default\">\n\t\t\t\t<div class=\"elementor-widget-container\">\n\t\t\t\t\t<div class=\"elementor-image-carousel-wrapper swiper\" dir=\"ltr\">\n\t\t\t<div class=\"elementor-image-carousel swiper-wrapper\" aria-live=\"off\">\n\t\t\t\t\t\t\t\t<div class=\"swiper-slide\" role=\"group\" aria-roledescription=\"slide\" aria-label=\"1 of 3\"><figure class=\"swiper-slide-inner\"><img decoding=\"async\" class=\"swiper-slide-image\" src=\"https:\/\/invitrocolombia.com.co\/wp-content\/uploads\/2021\/03\/fotos-lab-4-1024x584.jpg\" alt=\"fotos lab 4\" \/><\/figure><\/div><div class=\"swiper-slide\" role=\"group\" aria-roledescription=\"slide\" aria-label=\"2 of 3\"><figure class=\"swiper-slide-inner\"><img decoding=\"async\" class=\"swiper-slide-image\" src=\"https:\/\/invitrocolombia.com.co\/wp-content\/uploads\/2021\/03\/fotoslab5-1-1024x615.jpg\" alt=\"fotoslab5\" \/><\/figure><\/div><div class=\"swiper-slide\" role=\"group\" aria-roledescription=\"slide\" aria-label=\"3 of 3\"><figure class=\"swiper-slide-inner\"><img decoding=\"async\" class=\"swiper-slide-image\" src=\"https:\/\/invitrocolombia.com.co\/wp-content\/uploads\/2021\/03\/fotoslab4-530x1024.jpg\" alt=\"fotoslab4\" \/><\/figure><\/div>\t\t\t<\/div>\n\t\t\t\t\t\t\t\t\t\t\t\t<div class=\"elementor-swiper-button elementor-swiper-button-prev\" role=\"button\" tabindex=\"0\">\n\t\t\t\t\t\t<i aria-hidden=\"true\" class=\"eicon-chevron-left\"><\/i>\t\t\t\t\t<\/div>\n\t\t\t\t\t<div class=\"elementor-swiper-button elementor-swiper-button-next\" role=\"button\" tabindex=\"0\">\n\t\t\t\t\t\t<i aria-hidden=\"true\" class=\"eicon-chevron-right\"><\/i>\t\t\t\t\t<\/div>\n\t\t\t\t\n\t\t\t\t\t\t\t\t\t<div class=\"swiper-pagination\"><\/div>\n\t\t\t\t\t\t\t\t\t<\/div>\n\t\t\t\t<\/div>\n\t\t\t\t<\/div>\n\t\t\t\t\t<\/div>\n\t\t<\/div>\n\t\t\t\t\t<\/div>\n\t\t<\/section>\n\t\t\t\t<\/div>\n\t\t","protected":false},"excerpt":{"rendered":"<p>La Transferencia de los Embriones se refiere espec\u00edficamente al proceso de inocular o colocar los Embriones producidos en el laboratorio despu\u00e9s del procedimiento de OPU-FIV en el utero de las receptoras seleccionadas y sincronizadas para tal fin. El procedimiento de TE es un proceso simple y r\u00e1pido realizado de manera no quir\u00fargica, llevado a cabo [&hellip;]<\/p>\n","protected":false},"author":1,"featured_media":0,"parent":0,"menu_order":0,"comment_status":"closed","ping_status":"closed","template":"","meta":{"footnotes":""},"class_list":["post-393","page","type-page","status-publish","hentry"],"_links":{"self":[{"href":"https:\/\/invitrocolombia.com.co\/index.php?rest_route=\/wp\/v2\/pages\/393","targetHints":{"allow":["GET"]}}],"collection":[{"href":"https:\/\/invitrocolombia.com.co\/index.php?rest_route=\/wp\/v2\/pages"}],"about":[{"href":"https:\/\/invitrocolombia.com.co\/index.php?rest_route=\/wp\/v2\/types\/page"}],"author":[{"embeddable":true,"href":"https:\/\/invitrocolombia.com.co\/index.php?rest_route=\/wp\/v2\/users\/1"}],"replies":[{"embeddable":true,"href":"https:\/\/invitrocolombia.com.co\/index.php?rest_route=%2Fwp%2Fv2%2Fcomments&post=393"}],"version-history":[{"count":7,"href":"https:\/\/invitrocolombia.com.co\/index.php?rest_route=\/wp\/v2\/pages\/393\/revisions"}],"predecessor-version":[{"id":717,"href":"https:\/\/invitrocolombia.com.co\/index.php?rest_route=\/wp\/v2\/pages\/393\/revisions\/717"}],"wp:attachment":[{"href":"https:\/\/invitrocolombia.com.co\/index.php?rest_route=%2Fwp%2Fv2%2Fmedia&parent=393"}],"curies":[{"name":"wp","href":"https:\/\/api.w.org\/{rel}","templated":true}]}}