{"id":359,"date":"2021-03-25T16:38:04","date_gmt":"2021-03-25T21:38:04","guid":{"rendered":"https:\/\/invitrocolombia.com.co\/?page_id=359"},"modified":"2021-03-30T19:43:26","modified_gmt":"2021-03-31T00:43:26","slug":"capacitacion-y-asesoria-en-programas-de-mejoramiento-genetico","status":"publish","type":"page","link":"https:\/\/invitrocolombia.com.co\/?page_id=359","title":{"rendered":"Capacitaci\u00f3n y asesor\u00eda en programas de mejoramiento gen\u00e9tico"},"content":{"rendered":"\t\t<div data-elementor-type=\"wp-page\" data-elementor-id=\"359\" class=\"elementor elementor-359\">\n\t\t\t\t\t\t<section class=\"elementor-section elementor-top-section elementor-element elementor-element-5568618 elementor-section-boxed elementor-section-height-default elementor-section-height-default\" data-id=\"5568618\" data-element_type=\"section\">\n\t\t\t\t\t\t<div class=\"elementor-container elementor-column-gap-default\">\n\t\t\t\t\t<div class=\"elementor-column elementor-col-50 elementor-top-column elementor-element elementor-element-ce638c5\" data-id=\"ce638c5\" data-element_type=\"column\">\n\t\t\t<div class=\"elementor-widget-wrap elementor-element-populated\">\n\t\t\t\t\t\t<div class=\"elementor-element elementor-element-26d7000 elementor-widget elementor-widget-image\" data-id=\"26d7000\" data-element_type=\"widget\" data-widget_type=\"image.default\">\n\t\t\t\t<div class=\"elementor-widget-container\">\n\t\t\t\t\t\t\t\t\t\t\t\t\t<img fetchpriority=\"high\" decoding=\"async\" width=\"1024\" height=\"683\" src=\"https:\/\/invitrocolombia.com.co\/wp-content\/uploads\/2021\/03\/DSC_0054-1-1024x683.jpg\" class=\"attachment-large size-large wp-image-361\" alt=\"\" srcset=\"https:\/\/invitrocolombia.com.co\/wp-content\/uploads\/2021\/03\/DSC_0054-1-1024x683.jpg 1024w, https:\/\/invitrocolombia.com.co\/wp-content\/uploads\/2021\/03\/DSC_0054-1-300x200.jpg 300w, https:\/\/invitrocolombia.com.co\/wp-content\/uploads\/2021\/03\/DSC_0054-1-768x512.jpg 768w, https:\/\/invitrocolombia.com.co\/wp-content\/uploads\/2021\/03\/DSC_0054-1-1536x1024.jpg 1536w, https:\/\/invitrocolombia.com.co\/wp-content\/uploads\/2021\/03\/DSC_0054-1-2048x1365.jpg 2048w\" sizes=\"(max-width: 1024px) 100vw, 1024px\" \/>\t\t\t\t\t\t\t\t\t\t\t\t\t<\/div>\n\t\t\t\t<\/div>\n\t\t\t\t\t<\/div>\n\t\t<\/div>\n\t\t\t\t<div class=\"elementor-column elementor-col-50 elementor-top-column elementor-element elementor-element-6fe5d5e\" data-id=\"6fe5d5e\" data-element_type=\"column\">\n\t\t\t<div class=\"elementor-widget-wrap elementor-element-populated\">\n\t\t\t\t\t\t<div class=\"elementor-element elementor-element-dedf40f elementor-widget elementor-widget-text-editor\" data-id=\"dedf40f\" data-element_type=\"widget\" data-widget_type=\"text-editor.default\">\n\t\t\t\t<div class=\"elementor-widget-container\">\n\t\t\t\t\t\t\t<p style=\"text-align: justify;\">Dentro de nuestro portafolio de servicio ofrecemos capacitaci\u00f3n y entrenamiento en diversas \u00e1reas relacionadas con biotecnolog\u00eda y reproducci\u00f3n animal.Para esto contamos con 2 centrales de receptoras en las cuales se cuenta con infraestructura de primer nivel y volumen de animales a disposici\u00f3n de los interesados.<br \/><br \/>Ofrecemos entrenamientos en las siguientes tecnolog\u00edas:<\/p><ul style=\"color: #030303;\"><li><p><strong>Transferencia de Embriones<\/strong><\/p><\/li><li><p><strong>Aspiraci\u00f3n Folicular<\/strong><br \/><strong>Dise\u00f1o e implementaci\u00f3n de programas de Inseminaci\u00f3n<\/strong><\/p><\/li><li><p><strong>Artificial a Tiempo Fijo<\/strong><br \/><strong>Selecci\u00f3n y Sincronizaci\u00f3n de receptoras<\/strong><\/p><\/li><\/ul>\t\t\t\t\t\t<\/div>\n\t\t\t\t<\/div>\n\t\t\t\t\t<\/div>\n\t\t<\/div>\n\t\t\t\t\t<\/div>\n\t\t<\/section>\n\t\t\t\t<section class=\"elementor-section elementor-top-section elementor-element elementor-element-0e6fdb2 elementor-section-boxed elementor-section-height-default elementor-section-height-default\" data-id=\"0e6fdb2\" data-element_type=\"section\">\n\t\t\t\t\t\t<div class=\"elementor-container elementor-column-gap-default\">\n\t\t\t\t\t<div class=\"elementor-column elementor-col-100 elementor-top-column elementor-element elementor-element-f0f071d\" data-id=\"f0f071d\" data-element_type=\"column\">\n\t\t\t<div class=\"elementor-widget-wrap elementor-element-populated\">\n\t\t\t\t\t\t<div class=\"elementor-element elementor-element-9aa33ac elementor-arrows-position-inside elementor-pagination-position-outside elementor-widget elementor-widget-image-carousel\" data-id=\"9aa33ac\" data-element_type=\"widget\" data-settings=\"{&quot;slides_to_show&quot;:&quot;1&quot;,&quot;navigation&quot;:&quot;both&quot;,&quot;autoplay&quot;:&quot;yes&quot;,&quot;pause_on_hover&quot;:&quot;yes&quot;,&quot;pause_on_interaction&quot;:&quot;yes&quot;,&quot;autoplay_speed&quot;:5000,&quot;infinite&quot;:&quot;yes&quot;,&quot;effect&quot;:&quot;slide&quot;,&quot;speed&quot;:500}\" data-widget_type=\"image-carousel.default\">\n\t\t\t\t<div class=\"elementor-widget-container\">\n\t\t\t\t\t<div class=\"elementor-image-carousel-wrapper swiper\" dir=\"ltr\">\n\t\t\t<div class=\"elementor-image-carousel swiper-wrapper\" aria-live=\"off\">\n\t\t\t\t\t\t\t\t<div class=\"swiper-slide\" role=\"group\" aria-roledescription=\"slide\" aria-label=\"1 of 3\"><figure class=\"swiper-slide-inner\"><img decoding=\"async\" class=\"swiper-slide-image\" src=\"https:\/\/invitrocolombia.com.co\/wp-content\/uploads\/2021\/03\/DSC_0057-1-1024x683.jpg\" alt=\"xx\" \/><\/figure><\/div><div class=\"swiper-slide\" role=\"group\" aria-roledescription=\"slide\" aria-label=\"2 of 3\"><figure class=\"swiper-slide-inner\"><img decoding=\"async\" class=\"swiper-slide-image\" src=\"https:\/\/invitrocolombia.com.co\/wp-content\/uploads\/2021\/03\/DSC_0054-2-1024x683.jpg\" alt=\"DSC_0054\" \/><\/figure><\/div><div class=\"swiper-slide\" role=\"group\" aria-roledescription=\"slide\" aria-label=\"3 of 3\"><figure class=\"swiper-slide-inner\"><img decoding=\"async\" class=\"swiper-slide-image\" src=\"https:\/\/invitrocolombia.com.co\/wp-content\/uploads\/2021\/03\/vlcsnap-2019-07-15-11h12m15s101-1024x576.png\" alt=\"vlcsnap-2019-07-15-11h12m15s101\" \/><\/figure><\/div>\t\t\t<\/div>\n\t\t\t\t\t\t\t\t\t\t\t\t<div class=\"elementor-swiper-button elementor-swiper-button-prev\" role=\"button\" tabindex=\"0\">\n\t\t\t\t\t\t<i aria-hidden=\"true\" class=\"eicon-chevron-left\"><\/i>\t\t\t\t\t<\/div>\n\t\t\t\t\t<div class=\"elementor-swiper-button elementor-swiper-button-next\" role=\"button\" tabindex=\"0\">\n\t\t\t\t\t\t<i aria-hidden=\"true\" class=\"eicon-chevron-right\"><\/i>\t\t\t\t\t<\/div>\n\t\t\t\t\n\t\t\t\t\t\t\t\t\t<div class=\"swiper-pagination\"><\/div>\n\t\t\t\t\t\t\t\t\t<\/div>\n\t\t\t\t<\/div>\n\t\t\t\t<\/div>\n\t\t\t\t\t<\/div>\n\t\t<\/div>\n\t\t\t\t\t<\/div>\n\t\t<\/section>\n\t\t\t\t<\/div>\n\t\t","protected":false},"excerpt":{"rendered":"<p>Dentro de nuestro portafolio de servicio ofrecemos capacitaci\u00f3n y entrenamiento en diversas \u00e1reas relacionadas con biotecnolog\u00eda y reproducci\u00f3n animal.Para esto contamos con 2 centrales de receptoras en las cuales se cuenta con infraestructura de primer nivel y volumen de animales a disposici\u00f3n de los interesados. Ofrecemos entrenamientos en las siguientes tecnolog\u00edas: Transferencia de Embriones Aspiraci\u00f3n [&hellip;]<\/p>\n","protected":false},"author":1,"featured_media":0,"parent":0,"menu_order":0,"comment_status":"closed","ping_status":"closed","template":"","meta":{"footnotes":""},"class_list":["post-359","page","type-page","status-publish","hentry"],"_links":{"self":[{"href":"https:\/\/invitrocolombia.com.co\/index.php?rest_route=\/wp\/v2\/pages\/359","targetHints":{"allow":["GET"]}}],"collection":[{"href":"https:\/\/invitrocolombia.com.co\/index.php?rest_route=\/wp\/v2\/pages"}],"about":[{"href":"https:\/\/invitrocolombia.com.co\/index.php?rest_route=\/wp\/v2\/types\/page"}],"author":[{"embeddable":true,"href":"https:\/\/invitrocolombia.com.co\/index.php?rest_route=\/wp\/v2\/users\/1"}],"replies":[{"embeddable":true,"href":"https:\/\/invitrocolombia.com.co\/index.php?rest_route=%2Fwp%2Fv2%2Fcomments&post=359"}],"version-history":[{"count":7,"href":"https:\/\/invitrocolombia.com.co\/index.php?rest_route=\/wp\/v2\/pages\/359\/revisions"}],"predecessor-version":[{"id":752,"href":"https:\/\/invitrocolombia.com.co\/index.php?rest_route=\/wp\/v2\/pages\/359\/revisions\/752"}],"wp:attachment":[{"href":"https:\/\/invitrocolombia.com.co\/index.php?rest_route=%2Fwp%2Fv2%2Fmedia&parent=359"}],"curies":[{"name":"wp","href":"https:\/\/api.w.org\/{rel}","templated":true}]}}