{"id":343,"date":"2021-03-25T14:16:21","date_gmt":"2021-03-25T19:16:21","guid":{"rendered":"https:\/\/invitrocolombia.com.co\/?page_id=343"},"modified":"2021-03-25T14:47:25","modified_gmt":"2021-03-25T19:47:25","slug":"nuestros-clientes","status":"publish","type":"page","link":"https:\/\/invitrocolombia.com.co\/?page_id=343","title":{"rendered":"Nuestros clientes"},"content":{"rendered":"\t\t<div data-elementor-type=\"wp-page\" data-elementor-id=\"343\" class=\"elementor elementor-343\">\n\t\t\t\t\t\t<section class=\"elementor-section elementor-top-section elementor-element elementor-element-eb4e3ac elementor-section-boxed elementor-section-height-default elementor-section-height-default\" data-id=\"eb4e3ac\" data-element_type=\"section\">\n\t\t\t\t\t\t<div class=\"elementor-container elementor-column-gap-default\">\n\t\t\t\t\t<div class=\"elementor-column elementor-col-33 elementor-top-column elementor-element elementor-element-1e8aae6\" data-id=\"1e8aae6\" data-element_type=\"column\">\n\t\t\t<div class=\"elementor-widget-wrap elementor-element-populated\">\n\t\t\t\t\t\t<div class=\"elementor-element elementor-element-e51b632 elementor-widget elementor-widget-image\" data-id=\"e51b632\" data-element_type=\"widget\" data-widget_type=\"image.default\">\n\t\t\t\t<div class=\"elementor-widget-container\">\n\t\t\t\t\t\t\t\t\t\t\t\t\t<img fetchpriority=\"high\" decoding=\"async\" width=\"750\" height=\"501\" src=\"https:\/\/invitrocolombia.com.co\/wp-content\/uploads\/2021\/03\/Captura-de-pantalla-2019-03-28-a-las-1.30.41-p.m..png\" class=\"attachment-large size-large wp-image-345\" alt=\"\" srcset=\"https:\/\/invitrocolombia.com.co\/wp-content\/uploads\/2021\/03\/Captura-de-pantalla-2019-03-28-a-las-1.30.41-p.m..png 750w, https:\/\/invitrocolombia.com.co\/wp-content\/uploads\/2021\/03\/Captura-de-pantalla-2019-03-28-a-las-1.30.41-p.m.-300x200.png 300w\" sizes=\"(max-width: 750px) 100vw, 750px\" \/>\t\t\t\t\t\t\t\t\t\t\t\t\t<\/div>\n\t\t\t\t<\/div>\n\t\t\t\t\t<\/div>\n\t\t<\/div>\n\t\t\t\t<div class=\"elementor-column elementor-col-66 elementor-top-column elementor-element elementor-element-6f27a73\" data-id=\"6f27a73\" data-element_type=\"column\">\n\t\t\t<div class=\"elementor-widget-wrap elementor-element-populated\">\n\t\t\t\t\t\t<div class=\"elementor-element elementor-element-95d0b5a elementor-widget elementor-widget-text-editor\" data-id=\"95d0b5a\" data-element_type=\"widget\" data-widget_type=\"text-editor.default\">\n\t\t\t\t<div class=\"elementor-widget-container\">\n\t\t\t\t\t\t\t<p style=\"text-align: justify;\"><strong>In Vitro Colombia<\/strong> tiene como uno de sus objetivos adaptar su sistema de trabajo a las necesidades espec\u00edficas de cada proyecto, esto con el objetivo de ofrecer soluciones personalizadas y garantizar el mejor resultado posible, por esta raz\u00f3n cuenta con un departamento de servicio a disposici\u00f3n de atender cada perfil de usuario<\/p><p style=\"text-align: justify;\"><strong>Perfil 1:<\/strong> Clientes comerciales privados<br \/><strong>Perfil 2:<\/strong> Clientes institucionales<\/p><p style=\"text-align: justify;\">\u00a0<\/p>\t\t\t\t\t\t<\/div>\n\t\t\t\t<\/div>\n\t\t\t\t\t<\/div>\n\t\t<\/div>\n\t\t\t\t\t<\/div>\n\t\t<\/section>\n\t\t\t\t<section class=\"elementor-section elementor-top-section elementor-element elementor-element-5bbe340 elementor-section-boxed elementor-section-height-default elementor-section-height-default\" data-id=\"5bbe340\" data-element_type=\"section\">\n\t\t\t\t\t\t<div class=\"elementor-container elementor-column-gap-default\">\n\t\t\t\t\t<div class=\"elementor-column elementor-col-100 elementor-top-column elementor-element elementor-element-c039461\" data-id=\"c039461\" data-element_type=\"column\">\n\t\t\t<div class=\"elementor-widget-wrap elementor-element-populated\">\n\t\t\t\t\t\t<div class=\"elementor-element elementor-element-88ae8e2 elementor-widget elementor-widget-text-editor\" data-id=\"88ae8e2\" data-element_type=\"widget\" data-widget_type=\"text-editor.default\">\n\t\t\t\t<div class=\"elementor-widget-container\">\n\t\t\t\t\t\t\t<p><strong>Dentro del grupo 1<\/strong> est\u00e1n enmarcados los todos los productores dedicados a la actividad ganadera que utilizan nuestros servicios para reproducir sus animales gen\u00e9ticamente superiores, personas que le apuestan al mejoramiento gen\u00e9tico y a llevar adelante el sector pecuario del pa\u00eds.<\/p><p style=\"text-align: justify;\"><strong>Dentro del grupo 2<\/strong> enmarcamos las diferentes entidades gubernamentales (gobernaciones, alcald\u00edas, MADR) que interesadas en mejorar la productividad y competitividad del sector ganadero hacen uso de nuestra tecnolog\u00eda para fortalecer a los micro y peque\u00f1os productores que de otra forma dif\u00edcilmente podr\u00edan acceder a este tipo de productos y tecnolog\u00eda, se incluyen tambi\u00e9n en este grupo agremiaciones de ganaderos privadas o publico privadas que contratan productos o servicios en pro de implementar programas de mejoramiento gen\u00e9tico que beneficien a sus asociados.<br \/><br \/>Entre nuestros clientes mas destacados podemos encontrar:<\/p>\t\t\t\t\t\t<\/div>\n\t\t\t\t<\/div>\n\t\t\t\t\t<\/div>\n\t\t<\/div>\n\t\t\t\t\t<\/div>\n\t\t<\/section>\n\t\t\t\t<section class=\"elementor-section elementor-top-section elementor-element elementor-element-0556853 elementor-section-boxed elementor-section-height-default elementor-section-height-default\" data-id=\"0556853\" data-element_type=\"section\">\n\t\t\t\t\t\t<div class=\"elementor-container elementor-column-gap-default\">\n\t\t\t\t\t<div class=\"elementor-column elementor-col-33 elementor-top-column elementor-element elementor-element-0010b7e\" data-id=\"0010b7e\" data-element_type=\"column\">\n\t\t\t<div class=\"elementor-widget-wrap elementor-element-populated\">\n\t\t\t\t\t\t<div class=\"elementor-element elementor-element-e51f2ec elementor-widget elementor-widget-image\" data-id=\"e51f2ec\" data-element_type=\"widget\" data-widget_type=\"image.default\">\n\t\t\t\t<div class=\"elementor-widget-container\">\n\t\t\t\t\t\t\t\t\t\t\t\t\t<img decoding=\"async\" width=\"1024\" height=\"768\" src=\"https:\/\/invitrocolombia.com.co\/wp-content\/uploads\/2021\/03\/gobernacion_caqueta-1.png\" class=\"attachment-large size-large wp-image-346\" alt=\"\" srcset=\"https:\/\/invitrocolombia.com.co\/wp-content\/uploads\/2021\/03\/gobernacion_caqueta-1.png 1024w, https:\/\/invitrocolombia.com.co\/wp-content\/uploads\/2021\/03\/gobernacion_caqueta-1-300x225.png 300w, https:\/\/invitrocolombia.com.co\/wp-content\/uploads\/2021\/03\/gobernacion_caqueta-1-768x576.png 768w\" sizes=\"(max-width: 1024px) 100vw, 1024px\" \/>\t\t\t\t\t\t\t\t\t\t\t\t\t<\/div>\n\t\t\t\t<\/div>\n\t\t\t\t\t<\/div>\n\t\t<\/div>\n\t\t\t\t<div class=\"elementor-column elementor-col-33 elementor-top-column elementor-element elementor-element-0fd50e1\" data-id=\"0fd50e1\" data-element_type=\"column\">\n\t\t\t<div class=\"elementor-widget-wrap elementor-element-populated\">\n\t\t\t\t\t\t<div class=\"elementor-element elementor-element-2456d09 elementor-widget elementor-widget-image\" data-id=\"2456d09\" data-element_type=\"widget\" data-widget_type=\"image.default\">\n\t\t\t\t<div class=\"elementor-widget-container\">\n\t\t\t\t\t\t\t\t\t\t\t\t\t<img decoding=\"async\" width=\"200\" height=\"200\" src=\"https:\/\/invitrocolombia.com.co\/wp-content\/uploads\/2021\/03\/unaga-1.gif\" class=\"attachment-large size-large wp-image-347\" alt=\"\" \/>\t\t\t\t\t\t\t\t\t\t\t\t\t<\/div>\n\t\t\t\t<\/div>\n\t\t\t\t\t<\/div>\n\t\t<\/div>\n\t\t\t\t<div class=\"elementor-column elementor-col-33 elementor-top-column elementor-element elementor-element-88803f0\" data-id=\"88803f0\" data-element_type=\"column\">\n\t\t\t<div class=\"elementor-widget-wrap elementor-element-populated\">\n\t\t\t\t\t\t<div class=\"elementor-element elementor-element-12d1d1a elementor-widget elementor-widget-image\" data-id=\"12d1d1a\" data-element_type=\"widget\" data-widget_type=\"image.default\">\n\t\t\t\t<div class=\"elementor-widget-container\">\n\t\t\t\t\t\t\t\t\t\t\t\t\t<img loading=\"lazy\" decoding=\"async\" width=\"300\" height=\"91\" src=\"https:\/\/invitrocolombia.com.co\/wp-content\/uploads\/2021\/03\/sembriotech-1.jpg\" class=\"attachment-large size-large wp-image-352\" alt=\"\" \/>\t\t\t\t\t\t\t\t\t\t\t\t\t<\/div>\n\t\t\t\t<\/div>\n\t\t\t\t\t<\/div>\n\t\t<\/div>\n\t\t\t\t\t<\/div>\n\t\t<\/section>\n\t\t\t\t<section class=\"elementor-section elementor-top-section elementor-element elementor-element-da55cc3 elementor-section-boxed elementor-section-height-default elementor-section-height-default\" data-id=\"da55cc3\" data-element_type=\"section\">\n\t\t\t\t\t\t<div class=\"elementor-container elementor-column-gap-default\">\n\t\t\t\t\t<div class=\"elementor-column elementor-col-25 elementor-top-column elementor-element elementor-element-fa1913f\" data-id=\"fa1913f\" data-element_type=\"column\">\n\t\t\t<div class=\"elementor-widget-wrap elementor-element-populated\">\n\t\t\t\t\t\t<div class=\"elementor-element elementor-element-2fd8b70 elementor-widget elementor-widget-image\" data-id=\"2fd8b70\" data-element_type=\"widget\" data-widget_type=\"image.default\">\n\t\t\t\t<div class=\"elementor-widget-container\">\n\t\t\t\t\t\t\t\t\t\t\t\t\t<img loading=\"lazy\" decoding=\"async\" width=\"300\" height=\"200\" src=\"https:\/\/invitrocolombia.com.co\/wp-content\/uploads\/2021\/03\/asocebu-1.png\" class=\"attachment-large size-large wp-image-351\" alt=\"\" \/>\t\t\t\t\t\t\t\t\t\t\t\t\t<\/div>\n\t\t\t\t<\/div>\n\t\t\t\t\t<\/div>\n\t\t<\/div>\n\t\t\t\t<div class=\"elementor-column elementor-col-25 elementor-top-column elementor-element elementor-element-4db194d\" data-id=\"4db194d\" data-element_type=\"column\">\n\t\t\t<div class=\"elementor-widget-wrap elementor-element-populated\">\n\t\t\t\t\t\t<div class=\"elementor-element elementor-element-dfd9f38 elementor-widget elementor-widget-image\" data-id=\"dfd9f38\" data-element_type=\"widget\" data-widget_type=\"image.default\">\n\t\t\t\t<div class=\"elementor-widget-container\">\n\t\t\t\t\t\t\t\t\t\t\t\t\t<img loading=\"lazy\" decoding=\"async\" width=\"280\" height=\"160\" src=\"https:\/\/invitrocolombia.com.co\/wp-content\/uploads\/2021\/03\/gobernacionCesar-1.jpg\" class=\"attachment-large size-large wp-image-350\" alt=\"\" \/>\t\t\t\t\t\t\t\t\t\t\t\t\t<\/div>\n\t\t\t\t<\/div>\n\t\t\t\t\t<\/div>\n\t\t<\/div>\n\t\t\t\t<div class=\"elementor-column elementor-col-25 elementor-top-column elementor-element elementor-element-9b23165\" data-id=\"9b23165\" data-element_type=\"column\">\n\t\t\t<div class=\"elementor-widget-wrap elementor-element-populated\">\n\t\t\t\t\t\t<div class=\"elementor-element elementor-element-922692c elementor-widget elementor-widget-image\" data-id=\"922692c\" data-element_type=\"widget\" data-widget_type=\"image.default\">\n\t\t\t\t<div class=\"elementor-widget-container\">\n\t\t\t\t\t\t\t\t\t\t\t\t\t<img loading=\"lazy\" decoding=\"async\" width=\"1024\" height=\"658\" src=\"https:\/\/invitrocolombia.com.co\/wp-content\/uploads\/2021\/03\/codelac-1-1024x658.png\" class=\"attachment-large size-large wp-image-349\" alt=\"\" srcset=\"https:\/\/invitrocolombia.com.co\/wp-content\/uploads\/2021\/03\/codelac-1-1024x658.png 1024w, https:\/\/invitrocolombia.com.co\/wp-content\/uploads\/2021\/03\/codelac-1-300x193.png 300w, https:\/\/invitrocolombia.com.co\/wp-content\/uploads\/2021\/03\/codelac-1-768x493.png 768w, https:\/\/invitrocolombia.com.co\/wp-content\/uploads\/2021\/03\/codelac-1-1536x986.png 1536w, https:\/\/invitrocolombia.com.co\/wp-content\/uploads\/2021\/03\/codelac-1-2048x1315.png 2048w\" sizes=\"(max-width: 1024px) 100vw, 1024px\" \/>\t\t\t\t\t\t\t\t\t\t\t\t\t<\/div>\n\t\t\t\t<\/div>\n\t\t\t\t\t<\/div>\n\t\t<\/div>\n\t\t\t\t<div class=\"elementor-column elementor-col-25 elementor-top-column elementor-element elementor-element-374de1c\" data-id=\"374de1c\" data-element_type=\"column\">\n\t\t\t<div class=\"elementor-widget-wrap elementor-element-populated\">\n\t\t\t\t\t\t<div class=\"elementor-element elementor-element-2e28f6c elementor-widget elementor-widget-image\" data-id=\"2e28f6c\" data-element_type=\"widget\" data-widget_type=\"image.default\">\n\t\t\t\t<div class=\"elementor-widget-container\">\n\t\t\t\t\t\t\t\t\t\t\t\t\t<img loading=\"lazy\" decoding=\"async\" width=\"300\" height=\"168\" src=\"https:\/\/invitrocolombia.com.co\/wp-content\/uploads\/2021\/03\/comiteHuila-1.jpeg\" class=\"attachment-large size-large wp-image-348\" alt=\"\" \/>\t\t\t\t\t\t\t\t\t\t\t\t\t<\/div>\n\t\t\t\t<\/div>\n\t\t\t\t\t<\/div>\n\t\t<\/div>\n\t\t\t\t\t<\/div>\n\t\t<\/section>\n\t\t\t\t<\/div>\n\t\t","protected":false},"excerpt":{"rendered":"<p>In Vitro Colombia tiene como uno de sus objetivos adaptar su sistema de trabajo a las necesidades espec\u00edficas de cada proyecto, esto con el objetivo de ofrecer soluciones personalizadas y garantizar el mejor resultado posible, por esta raz\u00f3n cuenta con un departamento de servicio a disposici\u00f3n de atender cada perfil de usuario Perfil 1: Clientes [&hellip;]<\/p>\n","protected":false},"author":1,"featured_media":0,"parent":0,"menu_order":0,"comment_status":"closed","ping_status":"closed","template":"","meta":{"footnotes":""},"class_list":["post-343","page","type-page","status-publish","hentry"],"_links":{"self":[{"href":"https:\/\/invitrocolombia.com.co\/index.php?rest_route=\/wp\/v2\/pages\/343","targetHints":{"allow":["GET"]}}],"collection":[{"href":"https:\/\/invitrocolombia.com.co\/index.php?rest_route=\/wp\/v2\/pages"}],"about":[{"href":"https:\/\/invitrocolombia.com.co\/index.php?rest_route=\/wp\/v2\/types\/page"}],"author":[{"embeddable":true,"href":"https:\/\/invitrocolombia.com.co\/index.php?rest_route=\/wp\/v2\/users\/1"}],"replies":[{"embeddable":true,"href":"https:\/\/invitrocolombia.com.co\/index.php?rest_route=%2Fwp%2Fv2%2Fcomments&post=343"}],"version-history":[{"count":7,"href":"https:\/\/invitrocolombia.com.co\/index.php?rest_route=\/wp\/v2\/pages\/343\/revisions"}],"predecessor-version":[{"id":358,"href":"https:\/\/invitrocolombia.com.co\/index.php?rest_route=\/wp\/v2\/pages\/343\/revisions\/358"}],"wp:attachment":[{"href":"https:\/\/invitrocolombia.com.co\/index.php?rest_route=%2Fwp%2Fv2%2Fmedia&parent=343"}],"curies":[{"name":"wp","href":"https:\/\/api.w.org\/{rel}","templated":true}]}}