{"id":328,"date":"2021-03-25T08:37:43","date_gmt":"2021-03-25T13:37:43","guid":{"rendered":"https:\/\/invitrocolombia.com.co\/?page_id=328"},"modified":"2021-03-30T20:24:32","modified_gmt":"2021-03-31T01:24:32","slug":"elementor-328","status":"publish","type":"page","link":"https:\/\/invitrocolombia.com.co\/?page_id=328","title":{"rendered":"Nuestros proyectos"},"content":{"rendered":"\t\t<div data-elementor-type=\"wp-page\" data-elementor-id=\"328\" class=\"elementor elementor-328\">\n\t\t\t\t\t\t<section class=\"elementor-section elementor-top-section elementor-element elementor-element-28faa34 elementor-section-boxed elementor-section-height-default elementor-section-height-default\" data-id=\"28faa34\" data-element_type=\"section\">\n\t\t\t\t\t\t<div class=\"elementor-container elementor-column-gap-default\">\n\t\t\t\t\t<div class=\"elementor-column elementor-col-100 elementor-top-column elementor-element elementor-element-cf90073\" data-id=\"cf90073\" data-element_type=\"column\">\n\t\t\t<div class=\"elementor-widget-wrap elementor-element-populated\">\n\t\t\t\t\t\t<div class=\"elementor-element elementor-element-6d6bf91 elementor-widget elementor-widget-image\" data-id=\"6d6bf91\" data-element_type=\"widget\" data-widget_type=\"image.default\">\n\t\t\t\t<div class=\"elementor-widget-container\">\n\t\t\t\t\t\t\t\t\t\t\t\t\t<img fetchpriority=\"high\" decoding=\"async\" width=\"768\" height=\"538\" src=\"https:\/\/invitrocolombia.com.co\/wp-content\/uploads\/2021\/03\/Captura-de-pantalla-2019-05-22-a-las-9.31.00-p.m.-768x538.png\" class=\"attachment-medium_large size-medium_large wp-image-98\" alt=\"\" srcset=\"https:\/\/invitrocolombia.com.co\/wp-content\/uploads\/2021\/03\/Captura-de-pantalla-2019-05-22-a-las-9.31.00-p.m.-768x538.png 768w, https:\/\/invitrocolombia.com.co\/wp-content\/uploads\/2021\/03\/Captura-de-pantalla-2019-05-22-a-las-9.31.00-p.m.-300x210.png 300w, https:\/\/invitrocolombia.com.co\/wp-content\/uploads\/2021\/03\/Captura-de-pantalla-2019-05-22-a-las-9.31.00-p.m.-1024x717.png 1024w, https:\/\/invitrocolombia.com.co\/wp-content\/uploads\/2021\/03\/Captura-de-pantalla-2019-05-22-a-las-9.31.00-p.m..png 1159w\" sizes=\"(max-width: 768px) 100vw, 768px\" \/>\t\t\t\t\t\t\t\t\t\t\t\t\t<\/div>\n\t\t\t\t<\/div>\n\t\t\t\t\t<\/div>\n\t\t<\/div>\n\t\t\t\t\t<\/div>\n\t\t<\/section>\n\t\t\t\t<section class=\"elementor-section elementor-top-section elementor-element elementor-element-6db778e elementor-section-boxed elementor-section-height-default elementor-section-height-default\" data-id=\"6db778e\" data-element_type=\"section\">\n\t\t\t\t\t\t<div class=\"elementor-container elementor-column-gap-default\">\n\t\t\t\t\t<div class=\"elementor-column elementor-col-100 elementor-top-column elementor-element elementor-element-f0c87b3\" data-id=\"f0c87b3\" data-element_type=\"column\">\n\t\t\t<div class=\"elementor-widget-wrap elementor-element-populated\">\n\t\t\t\t\t\t<div class=\"elementor-element elementor-element-7e4c3fc elementor-widget elementor-widget-text-editor\" data-id=\"7e4c3fc\" data-element_type=\"widget\" data-widget_type=\"text-editor.default\">\n\t\t\t\t<div class=\"elementor-widget-container\">\n\t\t\t\t\t\t\t<p style=\"text-align: justify;\"><strong>In Vitro Colombia<\/strong> participa activamente en la ejecuci\u00f3n de proyectos a gran escala que buscan implementar proyectos de mejoramiento gen\u00e9tico en grandes zonas del pa\u00eds.<\/p><p style=\"text-align: justify;\">Contamos con un equipo propio altamente capacitado que nos permite adaptarnos f\u00e1cilmente a las necesidades de cada de iniciativa y gracias a la tecnolog\u00eda desarrollada podemos atender peque\u00f1os y medianos productores en cualquier regi\u00f3n.<\/p><p style=\"text-align: justify;\">Con las herramientas que tenemos hoy a disposici\u00f3n podemos producir a partir de una \u00fanica donadora elite seleccionada entre 50 a 100 cr\u00edas por a\u00f1o (sin el uso de tecnolog\u00eda se obtiene m\u00e1ximo 1 cr\u00eda a\u00f1o), esto nos da la capacidad de reproducir r\u00e1pida y eficientemente los animales m\u00e1s sobresalientes y utilizar los menos eficientes para ser usados como receptoras (madres sustitutas) de los embriones de alto potencial gen\u00e9tico, esto se traduce en que en una sola generaci\u00f3n la ganancia gen\u00e9tica se multiplica por 5, es decir se logra un avance gen\u00e9tico equivalente al logrado en 5 generaciones (25 a\u00f1os).<\/p><p style=\"text-align: justify;\">A la fecha han sido entregadas dentro del marco de este tipo de proyectos m\u00e1s de 9.000 gestaciones a peque\u00f1os productores en 7 departamentos. Entre ellos se destacan:<\/p><ul style=\"text-align: justify;\"><li><p><strong>Proyecto Cesar:<\/strong> 5.000 gestaciones entregados.<\/p><\/li><li><p><strong>Proyecto Caquet\u00e1:<\/strong> 2.250 gestaciones entregadas.<\/p><\/li><li><p><strong>MADR: <\/strong>1.000 gestaciones entregadas.<\/p><\/li><li><p><strong>Proyecto Huila:<\/strong> 1.000 gestaciones entregadas.<\/p><\/li><\/ul>\t\t\t\t\t\t<\/div>\n\t\t\t\t<\/div>\n\t\t\t\t\t<\/div>\n\t\t<\/div>\n\t\t\t\t\t<\/div>\n\t\t<\/section>\n\t\t\t\t<\/div>\n\t\t","protected":false},"excerpt":{"rendered":"<p>In Vitro Colombia participa activamente en la ejecuci\u00f3n de proyectos a gran escala que buscan implementar proyectos de mejoramiento gen\u00e9tico en grandes zonas del pa\u00eds. Contamos con un equipo propio altamente capacitado que nos permite adaptarnos f\u00e1cilmente a las necesidades de cada de iniciativa y gracias a la tecnolog\u00eda desarrollada podemos atender peque\u00f1os y medianos [&hellip;]<\/p>\n","protected":false},"author":1,"featured_media":0,"parent":0,"menu_order":0,"comment_status":"closed","ping_status":"closed","template":"","meta":{"footnotes":""},"class_list":["post-328","page","type-page","status-publish","hentry"],"_links":{"self":[{"href":"https:\/\/invitrocolombia.com.co\/index.php?rest_route=\/wp\/v2\/pages\/328","targetHints":{"allow":["GET"]}}],"collection":[{"href":"https:\/\/invitrocolombia.com.co\/index.php?rest_route=\/wp\/v2\/pages"}],"about":[{"href":"https:\/\/invitrocolombia.com.co\/index.php?rest_route=\/wp\/v2\/types\/page"}],"author":[{"embeddable":true,"href":"https:\/\/invitrocolombia.com.co\/index.php?rest_route=\/wp\/v2\/users\/1"}],"replies":[{"embeddable":true,"href":"https:\/\/invitrocolombia.com.co\/index.php?rest_route=%2Fwp%2Fv2%2Fcomments&post=328"}],"version-history":[{"count":15,"href":"https:\/\/invitrocolombia.com.co\/index.php?rest_route=\/wp\/v2\/pages\/328\/revisions"}],"predecessor-version":[{"id":760,"href":"https:\/\/invitrocolombia.com.co\/index.php?rest_route=\/wp\/v2\/pages\/328\/revisions\/760"}],"wp:attachment":[{"href":"https:\/\/invitrocolombia.com.co\/index.php?rest_route=%2Fwp%2Fv2%2Fmedia&parent=328"}],"curies":[{"name":"wp","href":"https:\/\/api.w.org\/{rel}","templated":true}]}}