{"id":303,"date":"2021-03-24T18:38:01","date_gmt":"2021-03-24T23:38:01","guid":{"rendered":"https:\/\/invitrocolombia.com.co\/?page_id=303"},"modified":"2021-03-31T19:52:33","modified_gmt":"2021-04-01T00:52:33","slug":"qui","status":"publish","type":"page","link":"https:\/\/invitrocolombia.com.co\/?page_id=303","title":{"rendered":"\u00bfQui\u00e9nes somos?"},"content":{"rendered":"\t\t<div data-elementor-type=\"wp-page\" data-elementor-id=\"303\" class=\"elementor elementor-303\">\n\t\t\t\t\t\t<section class=\"elementor-section elementor-top-section elementor-element elementor-element-d6edd4d elementor-section-boxed elementor-section-height-default elementor-section-height-default\" data-id=\"d6edd4d\" data-element_type=\"section\">\n\t\t\t\t\t\t<div class=\"elementor-container elementor-column-gap-default\">\n\t\t\t\t\t<div class=\"elementor-column elementor-col-50 elementor-top-column elementor-element elementor-element-a92adba\" data-id=\"a92adba\" data-element_type=\"column\">\n\t\t\t<div class=\"elementor-widget-wrap elementor-element-populated\">\n\t\t\t\t\t\t<div class=\"elementor-element elementor-element-903079f elementor-widget elementor-widget-video\" data-id=\"903079f\" data-element_type=\"widget\" data-settings=\"{&quot;youtube_url&quot;:&quot;https:\\\/\\\/youtu.be\\\/FVN6-8gD-J0&quot;,&quot;video_type&quot;:&quot;youtube&quot;,&quot;controls&quot;:&quot;yes&quot;}\" data-widget_type=\"video.default\">\n\t\t\t\t<div class=\"elementor-widget-container\">\n\t\t\t\t\t<div class=\"elementor-wrapper elementor-open-inline\">\n\t\t\t<div class=\"elementor-video\"><\/div>\t\t<\/div>\n\t\t\t\t<\/div>\n\t\t\t\t<\/div>\n\t\t\t\t\t<\/div>\n\t\t<\/div>\n\t\t\t\t<div class=\"elementor-column elementor-col-50 elementor-top-column elementor-element elementor-element-03bcbcf\" data-id=\"03bcbcf\" data-element_type=\"column\">\n\t\t\t<div class=\"elementor-widget-wrap elementor-element-populated\">\n\t\t\t\t\t\t<div class=\"elementor-element elementor-element-f0efaeb elementor-widget elementor-widget-text-editor\" data-id=\"f0efaeb\" data-element_type=\"widget\" data-widget_type=\"text-editor.default\">\n\t\t\t\t<div class=\"elementor-widget-container\">\n\t\t\t\t\t\t\t<p style=\"text-align: justify;\"><strong>In Vitro Colombia<\/strong> es una compa\u00f1\u00eda que presta servicios en el \u00e1rea de biotecnolog\u00eda reproductiva animal. Nuestro mayor inter\u00e9s es trabajar por y para nuestros clientes bajo un modelo de negocio que garantiza resultados confiables, seriedad en nuestras ofertas, personal altamente capacitado y un servicio de alta calidad.<br \/><br \/>Contamos con un grupo de m\u00e1s de 20 profesionales con amplia experiencia en cada de las actividades relacionadas al manejo e implementaci\u00f3n de programas de mejoramiento gen\u00e9tico, preparados para ofrecer productos y servicios que representen soluciones reales a los problemas que enfrentan a diario las empresas ganaderas.<\/p>\t\t\t\t\t\t<\/div>\n\t\t\t\t<\/div>\n\t\t\t\t\t<\/div>\n\t\t<\/div>\n\t\t\t\t\t<\/div>\n\t\t<\/section>\n\t\t\t\t<section class=\"elementor-section elementor-top-section elementor-element elementor-element-c1dd58a elementor-section-boxed elementor-section-height-default elementor-section-height-default\" data-id=\"c1dd58a\" data-element_type=\"section\">\n\t\t\t\t\t\t<div class=\"elementor-container elementor-column-gap-default\">\n\t\t\t\t\t<div class=\"elementor-column elementor-col-100 elementor-top-column elementor-element elementor-element-f283db5\" data-id=\"f283db5\" data-element_type=\"column\">\n\t\t\t<div class=\"elementor-widget-wrap elementor-element-populated\">\n\t\t\t\t\t\t<div class=\"elementor-element elementor-element-76ce6a8 elementor-widget elementor-widget-text-editor\" data-id=\"76ce6a8\" data-element_type=\"widget\" data-widget_type=\"text-editor.default\">\n\t\t\t\t<div class=\"elementor-widget-container\">\n\t\t\t\t\t\t\t<p style=\"text-align: justify;\">Nuestro objetivo principal es ayudar a nuestros clientes a lograr altos indices de eficiencia, producci\u00f3n y rentabilidad en sus hatos, para lo cual hacemos uso de tecnolog\u00eda y herramientas de software de \u00faltima generaci\u00f3n, as\u00ed como un acompa\u00f1amiento t\u00e9cnico a cada proyecto los 365 d\u00edas del a\u00f1o.<\/p>\n<p style=\"text-align: justify;\">En la actualidad tenemos el orgullo de ser la empresa l\u00edder del pa\u00eds en el \u00e1rea de biotecnolog\u00eda reproductiva bovina, nuestra compa\u00f1\u00eda participa y asesora los programas de mejoramiento gen\u00e9tico de algunas de las ganader\u00edas m\u00e1s importantes del territorio colombiano. De igual manera nuestra empresa participa activamente en la ejecuci\u00f3n de diversos proyectos e iniciativas gubernamentales destinadas a ayudar a los peque\u00f1os productores a mejorar sus \u00edndices de producci\u00f3n a trav\u00e9s del mejoramiento gen\u00e9tico, para lo cual ponemos al servicio de cada trabajo realizado todo nuestro capital humano e infraestructura tecnol\u00f3gica.<\/p>\t\t\t\t\t\t<\/div>\n\t\t\t\t<\/div>\n\t\t\t\t\t<\/div>\n\t\t<\/div>\n\t\t\t\t\t<\/div>\n\t\t<\/section>\n\t\t\t\t<section class=\"elementor-section elementor-top-section elementor-element elementor-element-c2b6219 elementor-section-boxed elementor-section-height-default elementor-section-height-default\" data-id=\"c2b6219\" data-element_type=\"section\">\n\t\t\t\t\t\t<div class=\"elementor-container elementor-column-gap-default\">\n\t\t\t\t\t<div class=\"elementor-column elementor-col-50 elementor-top-column elementor-element elementor-element-61f8317\" data-id=\"61f8317\" data-element_type=\"column\">\n\t\t\t<div class=\"elementor-widget-wrap elementor-element-populated\">\n\t\t\t\t\t\t<div class=\"elementor-element elementor-element-0bce92f elementor-position-left elementor-view-default elementor-mobile-position-top elementor-vertical-align-top elementor-widget elementor-widget-icon-box\" data-id=\"0bce92f\" data-element_type=\"widget\" data-widget_type=\"icon-box.default\">\n\t\t\t\t<div class=\"elementor-widget-container\">\n\t\t\t\t\t<div class=\"elementor-icon-box-wrapper\">\n\n\t\t\t\t\t\t<div class=\"elementor-icon-box-icon\">\n\t\t\t\t<span  class=\"elementor-icon elementor-animation-\">\n\t\t\t\t<i aria-hidden=\"true\" class=\"fas fa-flag-checkered\"><\/i>\t\t\t\t<\/span>\n\t\t\t<\/div>\n\t\t\t\n\t\t\t\t\t\t<div class=\"elementor-icon-box-content\">\n\n\t\t\t\t\t\t\t\t\t<h4 class=\"elementor-icon-box-title\">\n\t\t\t\t\t\t<span  >\n\t\t\t\t\t\t\tMisi\u00f3n\t\t\t\t\t\t<\/span>\n\t\t\t\t\t<\/h4>\n\t\t\t\t\n\t\t\t\t\t\t\t\t\t<p class=\"elementor-icon-box-description\">\n\t\t\t\t\t\tSomos una empresa que entrega soluciones de biotecnolog\u00eda y mejoramiento gen\u00e9tico en el sector pecuario, con un enfoque en calidad y servicio, ofreciendo a nuestros clientes un modelo de negocio que les garantice resultados efectivos y rentables.\t\t\t\t\t<\/p>\n\t\t\t\t\n\t\t\t<\/div>\n\t\t\t\n\t\t<\/div>\n\t\t\t\t<\/div>\n\t\t\t\t<\/div>\n\t\t\t\t\t<\/div>\n\t\t<\/div>\n\t\t\t\t<div class=\"elementor-column elementor-col-50 elementor-top-column elementor-element elementor-element-166ab36\" data-id=\"166ab36\" data-element_type=\"column\">\n\t\t\t<div class=\"elementor-widget-wrap elementor-element-populated\">\n\t\t\t\t\t\t<div class=\"elementor-element elementor-element-7b355b3 elementor-position-left elementor-view-default elementor-mobile-position-top elementor-vertical-align-top elementor-widget elementor-widget-icon-box\" data-id=\"7b355b3\" data-element_type=\"widget\" data-widget_type=\"icon-box.default\">\n\t\t\t\t<div class=\"elementor-widget-container\">\n\t\t\t\t\t<div class=\"elementor-icon-box-wrapper\">\n\n\t\t\t\t\t\t<div class=\"elementor-icon-box-icon\">\n\t\t\t\t<span  class=\"elementor-icon elementor-animation-\">\n\t\t\t\t<i aria-hidden=\"true\" class=\"far fa-eye\"><\/i>\t\t\t\t<\/span>\n\t\t\t<\/div>\n\t\t\t\n\t\t\t\t\t\t<div class=\"elementor-icon-box-content\">\n\n\t\t\t\t\t\t\t\t\t<h4 class=\"elementor-icon-box-title\">\n\t\t\t\t\t\t<span  >\n\t\t\t\t\t\t\tVisi\u00f3n\t\t\t\t\t\t<\/span>\n\t\t\t\t\t<\/h4>\n\t\t\t\t\n\t\t\t\t\t\t\t\t\t<p class=\"elementor-icon-box-description\">\n\t\t\t\t\t\tEn el a\u00f1o 2024 ser reconocida como la mejor y m\u00e1s confiable empresa colombiana en el \u00e1rea de biotecnolog\u00eda reproductiva y mejoramiento gen\u00e9tico para el sector pecuario. Esto gracias al desarrollo e implementaci\u00f3n de un plan estrat\u00e9gico enfocado en dirigir todas nuestras acciones a satisfacer las necesidades del cliente, tecnolog\u00eda de punta y personal altamente capacitado\t\t\t\t\t<\/p>\n\t\t\t\t\n\t\t\t<\/div>\n\t\t\t\n\t\t<\/div>\n\t\t\t\t<\/div>\n\t\t\t\t<\/div>\n\t\t\t\t\t<\/div>\n\t\t<\/div>\n\t\t\t\t\t<\/div>\n\t\t<\/section>\n\t\t\t\t<section class=\"elementor-section elementor-top-section elementor-element elementor-element-67de96f elementor-section-boxed elementor-section-height-default elementor-section-height-default\" data-id=\"67de96f\" data-element_type=\"section\">\n\t\t\t\t\t\t<div class=\"elementor-container elementor-column-gap-default\">\n\t\t\t\t\t<div class=\"elementor-column elementor-col-100 elementor-top-column elementor-element elementor-element-d5a7670\" data-id=\"d5a7670\" data-element_type=\"column\">\n\t\t\t<div class=\"elementor-widget-wrap elementor-element-populated\">\n\t\t\t\t\t\t<div class=\"elementor-element elementor-element-b06302f elementor-widget elementor-widget-text-editor\" data-id=\"b06302f\" data-element_type=\"widget\" data-widget_type=\"text-editor.default\">\n\t\t\t\t<div class=\"elementor-widget-container\">\n\t\t\t\t\t\t\t<p style=\"text-align: justify; color: #00abfd;\"><strong>VALORES:<\/strong><\/p><ul><li><p style=\"text-align: justify; color: #00abfd;\"><strong>Respeto:<\/strong> <span style=\"color: #3a616b; text-align: left;\">Considerar y valorar al cliente.<\/span><\/p><\/li><li><p style=\"text-align: justify; color: #00abfd;\"><strong>Cohesi\u00f3n:\u00a0<\/strong><span style=\"color: #3a616b; text-align: left;\">Uni\u00f3n y comunicaci\u00f3n a nivel organizacional<\/span><\/p><\/li><li><p style=\"text-align: justify; color: #00abfd;\"><strong>Responsabilidad\u00a0<\/strong><span style=\"color: #3a616b; text-align: left;\">Garantizar el cumplimiento de los compromisos adquiridos, generar confianza y tranquilidad.<\/span><\/p><\/li><li><p style=\"text-align: justify; color: #00abfd;\"><strong>Innovaci\u00f3n:\u00a0<\/strong><span style=\"color: #3a616b; text-align: left;\">Siempre estar en busca de la mejora continua, hacer las cosas de una manera diferente en pro de alcanzar y ofrecer servicios de calidad y los mejores resultados.<\/span><\/p><\/li><\/ul><p style=\"text-align: justify; color: #00abfd;\"><strong>POL\u00cdTICA DE CALIDAD<\/strong><\/p><p>Nuestro compromiso es prestar servicios de biotecnolog\u00eda animal; para cumplir las especificaciones de nuestros clientes de acuerdo con la normatividad legal vigente, a trav\u00e9s de un equipo humano calificado y mejora continua de nuestros procesos para ofrecer resultados consistentes y rentables<\/p>\t\t\t\t\t\t<\/div>\n\t\t\t\t<\/div>\n\t\t\t\t\t<\/div>\n\t\t<\/div>\n\t\t\t\t\t<\/div>\n\t\t<\/section>\n\t\t\t\t<\/div>\n\t\t","protected":false},"excerpt":{"rendered":"<p>https:\/\/youtu.be\/FVN6-8gD-J0 In Vitro Colombia es una compa\u00f1\u00eda que presta servicios en el \u00e1rea de biotecnolog\u00eda reproductiva animal. Nuestro mayor inter\u00e9s es trabajar por y para nuestros clientes bajo un modelo de negocio que garantiza resultados confiables, seriedad en nuestras ofertas, personal altamente capacitado y un servicio de alta calidad. Contamos con un grupo de m\u00e1s [&hellip;]<\/p>\n","protected":false},"author":1,"featured_media":0,"parent":0,"menu_order":0,"comment_status":"closed","ping_status":"closed","template":"","meta":{"footnotes":""},"class_list":["post-303","page","type-page","status-publish","hentry"],"_links":{"self":[{"href":"https:\/\/invitrocolombia.com.co\/index.php?rest_route=\/wp\/v2\/pages\/303","targetHints":{"allow":["GET"]}}],"collection":[{"href":"https:\/\/invitrocolombia.com.co\/index.php?rest_route=\/wp\/v2\/pages"}],"about":[{"href":"https:\/\/invitrocolombia.com.co\/index.php?rest_route=\/wp\/v2\/types\/page"}],"author":[{"embeddable":true,"href":"https:\/\/invitrocolombia.com.co\/index.php?rest_route=\/wp\/v2\/users\/1"}],"replies":[{"embeddable":true,"href":"https:\/\/invitrocolombia.com.co\/index.php?rest_route=%2Fwp%2Fv2%2Fcomments&post=303"}],"version-history":[{"count":16,"href":"https:\/\/invitrocolombia.com.co\/index.php?rest_route=\/wp\/v2\/pages\/303\/revisions"}],"predecessor-version":[{"id":1424,"href":"https:\/\/invitrocolombia.com.co\/index.php?rest_route=\/wp\/v2\/pages\/303\/revisions\/1424"}],"wp:attachment":[{"href":"https:\/\/invitrocolombia.com.co\/index.php?rest_route=%2Fwp%2Fv2%2Fmedia&parent=303"}],"curies":[{"name":"wp","href":"https:\/\/api.w.org\/{rel}","templated":true}]}}